{"id":1052,"date":"2019-12-08T07:38:15","date_gmt":"2019-12-08T06:38:15","guid":{"rendered":"http:\/\/lmcharon.cz\/?page_id=1052"},"modified":"2025-07-29T07:16:12","modified_gmt":"2025-07-29T06:16:12","slug":"2020-tiskopisy","status":"publish","type":"page","link":"http:\/\/lmcharon.cz\/?page_id=1052","title":{"rendered":"2020 &#8211; tiskopisy"},"content":{"rendered":"<p><a href=\"http:\/\/lmcharon.cz\/wp-content\/uploads\/2019\/12\/Trzby-2020-pro-platce-DPH.zip\">Kniha tr\u017eeb pro pl\u00e1tce DPH<\/a><\/p>\r\n<p><a href=\"http:\/\/lmcharon.cz\/wp-content\/uploads\/2019\/12\/Kniha_trzeb_2020_neplatce.zip\">Kniha tr\u017eeb pro nepl\u00e1tce DPH<\/a><\/p>\r\n<p><a href=\"http:\/\/lmcharon.cz\/wp-content\/uploads\/2019\/12\/Inventura.zip\">Inventura<\/a><\/p>\r\n<p><a href=\"http:\/\/lmcharon.cz\/wp-content\/uploads\/2019\/12\/Firemni_vuz_2020.zip\" target=\"_blank\" rel=\"noopener noreferrer\">Kniha j\u00edzd &#8211; firemn\u00ed v\u016fz<\/a><\/p>\r\n<p><a href=\"http:\/\/lmcharon.cz\/wp-content\/uploads\/2019\/12\/Pichacky_2020.zip\" target=\"_blank\" rel=\"noopener noreferrer\">Evidence pracovn\u00ed doby<\/a><\/p>\r\n<p><a href=\"http:\/\/lmcharon.cz\/wp-content\/uploads\/2020\/01\/Cestak_strava_2020.zip\">Cestovn\u00ed n\u00e1hrady &#8211; stravn\u00e9<\/a><\/p>\r\n<p><a href=\"http:\/\/lmcharon.cz\/wp-content\/uploads\/2020\/01\/Soukromy_vuz_2020.zip\" target=\"_blank\" rel=\"noopener noreferrer\">Cestovn\u00ed n\u00e1hrady &#8211; soukrom\u00fd v\u016fz<\/a><\/p>\r\n<h2 class=\"design-heading--level-2 design-heading--default design-heading\" style=\"color: #0e75b6; text-transform: uppercase; line-height: 1.2; text-indent: 0px; letter-spacing: normal; font-family: 'PT Sans', Arial, Helvetica, sans-serif; font-size: 1.25em; font-style: normal; font-weight: bold; margin-top: 0.5em; margin-bottom: 0.5em; word-spacing: 0px; white-space: normal; box-sizing: border-box; orphans: 2; widows: 2; background-color: #ffffff; font-variant-ligatures: normal; font-variant-caps: normal; -webkit-text-stroke-width: 0px; text-decoration-style: initial; text-decoration-color: initial;\"><a href=\"http:\/\/lmcharon.cz\/wp-content\/uploads\/2020\/04\/Zadost_o_bonus_pro_OSVC_bez_zastupce.zip\" target=\"_blank\" rel=\"noopener noreferrer\">\u017d\u00c1DOST O 25 000 K\u010c PRO OSV\u010c<\/a><\/h2>\r\n\r\n<p>&nbsp;<\/p>\r\n","protected":false},"excerpt":{"rendered":"<p>Kniha tr\u017eeb pro pl\u00e1tce DPH Kniha tr\u017eeb pro nepl\u00e1tce DPH Inventura Kniha j\u00edzd &#8211; firemn\u00ed v\u016fz Evidence pracovn\u00ed doby Cestovn\u00ed n\u00e1hrady &#8211; stravn\u00e9 Cestovn\u00ed n\u00e1hrady &#8211; soukrom\u00fd v\u016fz \u017d\u00c1DOST O 25 000 K\u010c PRO OSV\u010c &nbsp;<\/p>\n","protected":false},"author":1,"featured_media":0,"parent":23,"menu_order":7,"comment_status":"closed","ping_status":"closed","template":"","meta":{"footnotes":""},"class_list":["post-1052","page","type-page","status-publish","hentry"],"_links":{"self":[{"href":"http:\/\/lmcharon.cz\/index.php?rest_route=\/wp\/v2\/pages\/1052","targetHints":{"allow":["GET"]}}],"collection":[{"href":"http:\/\/lmcharon.cz\/index.php?rest_route=\/wp\/v2\/pages"}],"about":[{"href":"http:\/\/lmcharon.cz\/index.php?rest_route=\/wp\/v2\/types\/page"}],"author":[{"embeddable":true,"href":"http:\/\/lmcharon.cz\/index.php?rest_route=\/wp\/v2\/users\/1"}],"replies":[{"embeddable":true,"href":"http:\/\/lmcharon.cz\/index.php?rest_route=%2Fwp%2Fv2%2Fcomments&post=1052"}],"version-history":[{"count":9,"href":"http:\/\/lmcharon.cz\/index.php?rest_route=\/wp\/v2\/pages\/1052\/revisions"}],"predecessor-version":[{"id":1330,"href":"http:\/\/lmcharon.cz\/index.php?rest_route=\/wp\/v2\/pages\/1052\/revisions\/1330"}],"up":[{"embeddable":true,"href":"http:\/\/lmcharon.cz\/index.php?rest_route=\/wp\/v2\/pages\/23"}],"wp:attachment":[{"href":"http:\/\/lmcharon.cz\/index.php?rest_route=%2Fwp%2Fv2%2Fmedia&parent=1052"}],"curies":[{"name":"wp","href":"https:\/\/api.w.org\/{rel}","templated":true}]}}