{"id":1129,"date":"2020-12-31T14:08:43","date_gmt":"2020-12-31T13:08:43","guid":{"rendered":"http:\/\/lmcharon.cz\/?page_id=1129"},"modified":"2025-07-29T07:15:44","modified_gmt":"2025-07-29T06:15:44","slug":"2021-tiskopisy","status":"publish","type":"page","link":"http:\/\/lmcharon.cz\/?page_id=1129","title":{"rendered":"2021 &#8211; tiskopisy"},"content":{"rendered":"\r\n<p><a href=\"http:\/\/lmcharon.cz\/wp-content\/uploads\/2020\/12\/Cestak_strava_2021.zip\" target=\"_blank\" rel=\"noreferrer noopener\">Cestovn\u00ed n\u00e1hrady stravn\u00e9 <\/a><\/p>\r\n\r\n\r\n\r\n<p><a href=\"http:\/\/lmcharon.cz\/wp-content\/uploads\/2020\/12\/Soukromy_vuz_2021.zip\" target=\"_blank\" rel=\"noreferrer noopener\">Pou\u017eit\u00ed soukrom\u00e9ho vozu<\/a><\/p>\r\n\r\n\r\n\r\n<p><a href=\"http:\/\/lmcharon.cz\/wp-content\/uploads\/2020\/12\/Firemni_vuz_2021.zip\" target=\"_blank\" rel=\"noreferrer noopener\">Firemn\u00ed v\u016fz<\/a><\/p>\r\n\r\n\r\n\r\n<p><a href=\"http:\/\/lmcharon.cz\/wp-content\/uploads\/2020\/12\/Inventura.zip\" target=\"_blank\" rel=\"noreferrer noopener\">Inventura<\/a><\/p>\r\n\r\n\r\n\r\n\r\n\r\n<p><a href=\"http:\/\/lmcharon.cz\/wp-content\/uploads\/2020\/12\/Trzby-2021-pro-platce-DPH.zip\" target=\"_blank\" rel=\"noreferrer noopener\">Tr\u017eby pro pl\u00e1tce DPH<\/a><\/p>\r\n\r\n\r\n\r\n<p><a href=\"http:\/\/lmcharon.cz\/wp-content\/uploads\/2020\/12\/Kniha_trzeb_2021_neplatce.zip\" target=\"_blank\" rel=\"noreferrer noopener\">Tr\u017eby pro nepl\u00e1tce DPH<\/a><\/p>\r\n\r\n\r\n\r\n<p><a href=\"http:\/\/lmcharon.cz\/wp-content\/uploads\/2020\/12\/Pichacky_2021.zip\" target=\"_blank\" rel=\"noreferrer noopener\">Evidence pracovn\u00ed doby &#8211; p\u00edcha\u010dky<\/a><\/p>\r\n","protected":false},"excerpt":{"rendered":"<p>Cestovn\u00ed n\u00e1hrady stravn\u00e9 Pou\u017eit\u00ed soukrom\u00e9ho vozu Firemn\u00ed v\u016fz Inventura Tr\u017eby pro pl\u00e1tce DPH Tr\u017eby pro nepl\u00e1tce DPH Evidence pracovn\u00ed doby &#8211; p\u00edcha\u010dky<\/p>\n","protected":false},"author":1,"featured_media":0,"parent":23,"menu_order":6,"comment_status":"closed","ping_status":"closed","template":"","meta":{"footnotes":""},"class_list":["post-1129","page","type-page","status-publish","hentry"],"_links":{"self":[{"href":"http:\/\/lmcharon.cz\/index.php?rest_route=\/wp\/v2\/pages\/1129","targetHints":{"allow":["GET"]}}],"collection":[{"href":"http:\/\/lmcharon.cz\/index.php?rest_route=\/wp\/v2\/pages"}],"about":[{"href":"http:\/\/lmcharon.cz\/index.php?rest_route=\/wp\/v2\/types\/page"}],"author":[{"embeddable":true,"href":"http:\/\/lmcharon.cz\/index.php?rest_route=\/wp\/v2\/users\/1"}],"replies":[{"embeddable":true,"href":"http:\/\/lmcharon.cz\/index.php?rest_route=%2Fwp%2Fv2%2Fcomments&post=1129"}],"version-history":[{"count":10,"href":"http:\/\/lmcharon.cz\/index.php?rest_route=\/wp\/v2\/pages\/1129\/revisions"}],"predecessor-version":[{"id":1328,"href":"http:\/\/lmcharon.cz\/index.php?rest_route=\/wp\/v2\/pages\/1129\/revisions\/1328"}],"up":[{"embeddable":true,"href":"http:\/\/lmcharon.cz\/index.php?rest_route=\/wp\/v2\/pages\/23"}],"wp:attachment":[{"href":"http:\/\/lmcharon.cz\/index.php?rest_route=%2Fwp%2Fv2%2Fmedia&parent=1129"}],"curies":[{"name":"wp","href":"https:\/\/api.w.org\/{rel}","templated":true}]}}