{"id":1200,"date":"2022-12-31T13:21:04","date_gmt":"2022-12-31T12:21:04","guid":{"rendered":"http:\/\/lmcharon.cz\/?page_id=1200"},"modified":"2022-12-31T13:30:02","modified_gmt":"2022-12-31T12:30:02","slug":"2023-tiskopisy","status":"publish","type":"page","link":"http:\/\/lmcharon.cz\/?page_id=1200","title":{"rendered":"2023 &#8211; tiskopisy"},"content":{"rendered":"<p><a href=\"http:\/\/www.lmcharon.cz\/wp-content\/uploads\/2022\/12\/Inventura.zip\">Inventura<\/a><\/p>\n<p><a href=\"http:\/\/www.lmcharon.cz\/wp-content\/uploads\/2022\/12\/Inventura-pri-vstupu-do-DPH.zip\">Inventura p\u0159i p\u0159echodu na DPH<\/a><\/p>\n<p><a href=\"http:\/\/www.lmcharon.cz\/wp-content\/uploads\/2022\/12\/Firemni_vuz_2023.zip\">Firemn\u00ed v\u016fz<\/a><\/p>\n<p><a href=\"http:\/\/www.lmcharon.cz\/wp-content\/uploads\/2022\/12\/Cestak_strava_2023.zip\">Cestovn\u00ed n\u00e1hrady &#8211; stravn\u00e9<\/a><\/p>\n<p><a href=\"http:\/\/www.lmcharon.cz\/wp-content\/uploads\/2022\/12\/Soukromy_vuz_2023.zip\">Soukrom\u00fd v\u016fz &#8211; ces\u0165\u00e1ky<\/a><\/p>\n<p><a href=\"http:\/\/www.lmcharon.cz\/wp-content\/uploads\/2022\/12\/Kniha_trzeb_2023_neplatce.zip\">Kniha tr\u017eeb &#8211; nepl\u00e1tce DPH<\/a><\/p>\n<p><a href=\"http:\/\/www.lmcharon.cz\/wp-content\/uploads\/2022\/12\/Trzby-2023-pro-platce-DPH.zip\">Kniha tr\u017eeb &#8211; pl\u00e1tce DPH<\/a><\/p>\n<p><a href=\"http:\/\/www.lmcharon.cz\/wp-content\/uploads\/2022\/12\/Pichacky_2023.zip\">Doch\u00e1zka &#8211; p\u00edcha\u010dky<\/a><\/p>\n","protected":false},"excerpt":{"rendered":"<p>Inventura Inventura p\u0159i p\u0159echodu na DPH Firemn\u00ed v\u016fz Cestovn\u00ed n\u00e1hrady &#8211; stravn\u00e9 Soukrom\u00fd v\u016fz &#8211; ces\u0165\u00e1ky Kniha tr\u017eeb &#8211; nepl\u00e1tce DPH Kniha tr\u017eeb &#8211; pl\u00e1tce DPH Doch\u00e1zka &#8211; p\u00edcha\u010dky<\/p>\n","protected":false},"author":1,"featured_media":0,"parent":23,"menu_order":4,"comment_status":"closed","ping_status":"closed","template":"","meta":{"footnotes":""},"class_list":["post-1200","page","type-page","status-publish","hentry"],"_links":{"self":[{"href":"http:\/\/lmcharon.cz\/index.php?rest_route=\/wp\/v2\/pages\/1200","targetHints":{"allow":["GET"]}}],"collection":[{"href":"http:\/\/lmcharon.cz\/index.php?rest_route=\/wp\/v2\/pages"}],"about":[{"href":"http:\/\/lmcharon.cz\/index.php?rest_route=\/wp\/v2\/types\/page"}],"author":[{"embeddable":true,"href":"http:\/\/lmcharon.cz\/index.php?rest_route=\/wp\/v2\/users\/1"}],"replies":[{"embeddable":true,"href":"http:\/\/lmcharon.cz\/index.php?rest_route=%2Fwp%2Fv2%2Fcomments&post=1200"}],"version-history":[{"count":4,"href":"http:\/\/lmcharon.cz\/index.php?rest_route=\/wp\/v2\/pages\/1200\/revisions"}],"predecessor-version":[{"id":1204,"href":"http:\/\/lmcharon.cz\/index.php?rest_route=\/wp\/v2\/pages\/1200\/revisions\/1204"}],"up":[{"embeddable":true,"href":"http:\/\/lmcharon.cz\/index.php?rest_route=\/wp\/v2\/pages\/23"}],"wp:attachment":[{"href":"http:\/\/lmcharon.cz\/index.php?rest_route=%2Fwp%2Fv2%2Fmedia&parent=1200"}],"curies":[{"name":"wp","href":"https:\/\/api.w.org\/{rel}","templated":true}]}}