{"id":1229,"date":"2023-11-23T13:06:08","date_gmt":"2023-11-23T12:06:08","guid":{"rendered":"http:\/\/lmcharon.cz\/?page_id=1229"},"modified":"2023-11-23T13:07:07","modified_gmt":"2023-11-23T12:07:07","slug":"plny-kontakt","status":"publish","type":"page","link":"http:\/\/lmcharon.cz\/?page_id=1229","title":{"rendered":"pln\u00fd kontakt"},"content":{"rendered":"<p><b><\/b><span style=\"font-size: x-large;\"><b>LM-CHARON s.r.o.<\/b><br \/>\n<i>\u00fa\u010detn\u00ed, ekonomick\u00e1, obchodn\u00ed a zprost\u0159edkovatelsk\u00e1 firma<\/i><br \/>\n***<br \/>\n<span style=\"color: #006600;\">s\u00eddlo :<br \/>\n<\/span><span style=\"color: #006600;\"> Kubel\u00edkova 1224\/42<br \/>\n130 00 Praha 3 &#8211; \u017di\u017ekov<br \/>\n<\/span> ***<br \/>\n<span style=\"color: #990000;\">kancel\u00e1\u0159 :<br \/>\n<\/span><span style=\"color: #990000;\"> Beckovsk\u00e9ho 1882<br \/>\n580 01 Havl\u00ed\u010dk\u016fv Brod<br \/>\n<\/span> ***<br \/>\nDI\u010c : CZ25294971<br \/>\nI\u010c : 25294971<br \/>\n***<br \/>\nDatov\u00e1 schr\u00e1nka : yuqiwcr<br \/>\nB\u00da : 2823140257\/0100<br \/>\n***<br \/>\n<span style=\"color: #0000cc;\">www.lmcharon.cz<br \/>\n<\/span><span style=\"color: #0000cc;\"> www.lmcharon.eu<br \/>\n<\/span> e-mail : <span style=\"color: #0000cc;\">kancelar@lmcharon.cz<br \/>\n<\/span> e-mail : <span style=\"color: #0000cc;\">kancelar@lmcharon.eu<br \/>\n<\/span> ***<br \/>\n<b>Ing. Lenka Vlkov\u00e1<\/b><br \/>\n<i>jednatel<\/i><br \/>\nmobil : 607192345<br \/>\ne-mail :<span style=\"color: #0000cc;\"> lenka.vlkova@lmcharon.cz<br \/>\n<\/span> e-mail : <span style=\"color: #0000cc;\">lenka.vlkova@lmcharon.eu<br \/>\n<\/span> ***<br \/>\n<b>Miroslav Vlk<\/b><br \/>\n<i>asistent<\/i><br \/>\nmobil : 602793842<br \/>\ne-mail : <span style=\"color: #0000cc;\">miroslav.vlk@lmcharon.cz<br \/>\n<\/span> e-mail : <span style=\"color: #0000cc;\">miroslav.vlk@lmcharon.eu<br \/>\n<\/span> ***<\/span><\/p>\n<p><a href=\"http:\/\/lmcharon.cz\/wp-content\/uploads\/2023\/11\/Kontakt_2023.jpg\"><img loading=\"lazy\" decoding=\"async\" class=\"alignnone size-medium wp-image-1219\" src=\"http:\/\/lmcharon.cz\/wp-content\/uploads\/2023\/11\/Kontakt_2023-300x300.jpg\" alt=\"\" width=\"300\" height=\"300\" srcset=\"http:\/\/lmcharon.cz\/wp-content\/uploads\/2023\/11\/Kontakt_2023-300x300.jpg 300w, http:\/\/lmcharon.cz\/wp-content\/uploads\/2023\/11\/Kontakt_2023-1024x1024.jpg 1024w, http:\/\/lmcharon.cz\/wp-content\/uploads\/2023\/11\/Kontakt_2023-150x150.jpg 150w, http:\/\/lmcharon.cz\/wp-content\/uploads\/2023\/11\/Kontakt_2023-768x768.jpg 768w, http:\/\/lmcharon.cz\/wp-content\/uploads\/2023\/11\/Kontakt_2023-1536x1536.jpg 1536w, http:\/\/lmcharon.cz\/wp-content\/uploads\/2023\/11\/Kontakt_2023.jpg 2000w\" sizes=\"auto, (max-width: 300px) 100vw, 300px\" \/><\/a><\/p>\n<p>&nbsp;<\/p>\n","protected":false},"excerpt":{"rendered":"<p>LM-CHARON s.r.o. \u00fa\u010detn\u00ed, ekonomick\u00e1, obchodn\u00ed a zprost\u0159edkovatelsk\u00e1 firma *** s\u00eddlo : Kubel\u00edkova 1224\/42 130 00 Praha 3 &#8211; \u017di\u017ekov *** kancel\u00e1\u0159 : Beckovsk\u00e9ho 1882 580 01 Havl\u00ed\u010dk\u016fv Brod *** DI\u010c : CZ25294971 I\u010c : 25294971 *** Datov\u00e1 schr\u00e1nka : yuqiwcr &hellip; <a href=\"http:\/\/lmcharon.cz\/?page_id=1229\">Cel\u00fd p\u0159\u00edsp\u011bvek <span class=\"meta-nav\">&rarr;<\/span><\/a><\/p>\n","protected":false},"author":1,"featured_media":0,"parent":103,"menu_order":9,"comment_status":"closed","ping_status":"closed","template":"","meta":{"footnotes":""},"class_list":["post-1229","page","type-page","status-publish","hentry"],"_links":{"self":[{"href":"http:\/\/lmcharon.cz\/index.php?rest_route=\/wp\/v2\/pages\/1229","targetHints":{"allow":["GET"]}}],"collection":[{"href":"http:\/\/lmcharon.cz\/index.php?rest_route=\/wp\/v2\/pages"}],"about":[{"href":"http:\/\/lmcharon.cz\/index.php?rest_route=\/wp\/v2\/types\/page"}],"author":[{"embeddable":true,"href":"http:\/\/lmcharon.cz\/index.php?rest_route=\/wp\/v2\/users\/1"}],"replies":[{"embeddable":true,"href":"http:\/\/lmcharon.cz\/index.php?rest_route=%2Fwp%2Fv2%2Fcomments&post=1229"}],"version-history":[{"count":2,"href":"http:\/\/lmcharon.cz\/index.php?rest_route=\/wp\/v2\/pages\/1229\/revisions"}],"predecessor-version":[{"id":1231,"href":"http:\/\/lmcharon.cz\/index.php?rest_route=\/wp\/v2\/pages\/1229\/revisions\/1231"}],"up":[{"embeddable":true,"href":"http:\/\/lmcharon.cz\/index.php?rest_route=\/wp\/v2\/pages\/103"}],"wp:attachment":[{"href":"http:\/\/lmcharon.cz\/index.php?rest_route=%2Fwp%2Fv2%2Fmedia&parent=1229"}],"curies":[{"name":"wp","href":"https:\/\/api.w.org\/{rel}","templated":true}]}}