{"id":125,"date":"2011-06-22T14:33:54","date_gmt":"2011-06-22T14:33:54","guid":{"rendered":"http:\/\/www.lmcharon.cz\/?page_id=125"},"modified":"2011-06-22T14:33:54","modified_gmt":"2011-06-22T14:33:54","slug":"cestovni-nahrady","status":"publish","type":"page","link":"http:\/\/lmcharon.cz\/?page_id=125","title":{"rendered":"Cest. n\u00e1hrady"},"content":{"rendered":"<h3><span style=\"color: #800000;\">Cestovn\u00ed n\u00e1hrady se \u0159\u00edd\u00ed z\u00e1kon\u00edkem pr\u00e1ce a sazby n\u00e1m stanov\u00ed vykl\u00e1\u0161ka MPSV \u010cR<\/span><\/h3>\n","protected":false},"excerpt":{"rendered":"<p>Cestovn\u00ed n\u00e1hrady se \u0159\u00edd\u00ed z\u00e1kon\u00edkem pr\u00e1ce a sazby n\u00e1m stanov\u00ed vykl\u00e1\u0161ka MPSV \u010cR<\/p>\n","protected":false},"author":1,"featured_media":0,"parent":0,"menu_order":4,"comment_status":"closed","ping_status":"open","template":"","meta":{"footnotes":""},"class_list":["post-125","page","type-page","status-publish","hentry"],"_links":{"self":[{"href":"http:\/\/lmcharon.cz\/index.php?rest_route=\/wp\/v2\/pages\/125","targetHints":{"allow":["GET"]}}],"collection":[{"href":"http:\/\/lmcharon.cz\/index.php?rest_route=\/wp\/v2\/pages"}],"about":[{"href":"http:\/\/lmcharon.cz\/index.php?rest_route=\/wp\/v2\/types\/page"}],"author":[{"embeddable":true,"href":"http:\/\/lmcharon.cz\/index.php?rest_route=\/wp\/v2\/users\/1"}],"replies":[{"embeddable":true,"href":"http:\/\/lmcharon.cz\/index.php?rest_route=%2Fwp%2Fv2%2Fcomments&post=125"}],"version-history":[{"count":0,"href":"http:\/\/lmcharon.cz\/index.php?rest_route=\/wp\/v2\/pages\/125\/revisions"}],"wp:attachment":[{"href":"http:\/\/lmcharon.cz\/index.php?rest_route=%2Fwp%2Fv2%2Fmedia&parent=125"}],"curies":[{"name":"wp","href":"https:\/\/api.w.org\/{rel}","templated":true}]}}