{"id":1341,"date":"2025-11-28T10:20:35","date_gmt":"2025-11-28T09:20:35","guid":{"rendered":"https:\/\/lmcharon.cz\/?page_id=1341"},"modified":"2026-04-08T09:44:12","modified_gmt":"2026-04-08T08:44:12","slug":"2026-tiskopisy","status":"publish","type":"page","link":"http:\/\/lmcharon.cz\/?page_id=1341","title":{"rendered":"2026 &#8211; tiskopisy"},"content":{"rendered":"<p><a href=\"http:\/\/lmcharon.cz\/wp-content\/uploads\/2026\/04\/dotaznik-zamestnanec.zip\" target=\"_blank\" rel=\"noopener\">Dotazn\u00edk zam\u011bstnance JMHZ<\/a><\/p>\n<p><a href=\"http:\/\/lmcharon.cz\/wp-content\/uploads\/2025\/11\/Firemni_vuz_2026.zip\" target=\"_blank\" rel=\"noopener\">Kniha j\u00edzd firemn\u00ed v\u016fz<\/a><\/p>\n<p><a href=\"http:\/\/lmcharon.cz\/wp-content\/uploads\/2025\/12\/Soukromy_vuz_2026.zip\">Soukrom\u00fd v\u016fz &#8211; ces\u0165\u00e1k<\/a><\/p>\n<p><a href=\"http:\/\/lmcharon.cz\/wp-content\/uploads\/2025\/12\/Cestak_strava_2026.zip\">Cestovn\u00ed n\u00e1hrady &#8211; stravn\u00e9<\/a><\/p>\n<p><a href=\"http:\/\/lmcharon.cz\/wp-content\/uploads\/2025\/11\/Kniha_trzeb_2026_neplatce.zip\" target=\"_blank\" rel=\"noopener\">Kniha tr\u017eeb &#8211; nepl\u00e1tce DPH<\/a><\/p>\n<p><a href=\"http:\/\/lmcharon.cz\/wp-content\/uploads\/2025\/11\/Kniha_trzeb_2026_platce_DPH.zip\" target=\"_blank\" rel=\"noopener\">Kniha tr\u017eeb &#8211; pl\u00e1tce DPH<\/a><\/p>\n<p><a href=\"http:\/\/lmcharon.cz\/wp-content\/uploads\/2025\/11\/Inventura.zip\" target=\"_blank\" rel=\"noopener\">Inventura<\/a><\/p>\n<p><a href=\"http:\/\/lmcharon.cz\/wp-content\/uploads\/2025\/11\/Inventura-pri-vstupu-do-DPH.zip\" target=\"_blank\" rel=\"noopener\">Inventura p\u0159i vstupu do DPH<\/a><\/p>\n<p><a href=\"http:\/\/lmcharon.cz\/wp-content\/uploads\/2025\/11\/Pichacky_2026.zip\" target=\"_blank\" rel=\"noopener\">Evidence pracovn\u00ed doby &#8211; p\u00edcha\u010dky<\/a><\/p>\n","protected":false},"excerpt":{"rendered":"<p>Dotazn\u00edk zam\u011bstnance JMHZ Kniha j\u00edzd firemn\u00ed v\u016fz Soukrom\u00fd v\u016fz &#8211; ces\u0165\u00e1k Cestovn\u00ed n\u00e1hrady &#8211; stravn\u00e9 Kniha tr\u017eeb &#8211; nepl\u00e1tce DPH Kniha tr\u017eeb &#8211; pl\u00e1tce DPH Inventura Inventura p\u0159i vstupu do DPH Evidence pracovn\u00ed doby &#8211; p\u00edcha\u010dky<\/p>\n","protected":false},"author":1,"featured_media":0,"parent":23,"menu_order":1,"comment_status":"closed","ping_status":"closed","template":"","meta":{"footnotes":""},"class_list":["post-1341","page","type-page","status-publish","hentry"],"_links":{"self":[{"href":"http:\/\/lmcharon.cz\/index.php?rest_route=\/wp\/v2\/pages\/1341","targetHints":{"allow":["GET"]}}],"collection":[{"href":"http:\/\/lmcharon.cz\/index.php?rest_route=\/wp\/v2\/pages"}],"about":[{"href":"http:\/\/lmcharon.cz\/index.php?rest_route=\/wp\/v2\/types\/page"}],"author":[{"embeddable":true,"href":"http:\/\/lmcharon.cz\/index.php?rest_route=\/wp\/v2\/users\/1"}],"replies":[{"embeddable":true,"href":"http:\/\/lmcharon.cz\/index.php?rest_route=%2Fwp%2Fv2%2Fcomments&post=1341"}],"version-history":[{"count":5,"href":"http:\/\/lmcharon.cz\/index.php?rest_route=\/wp\/v2\/pages\/1341\/revisions"}],"predecessor-version":[{"id":1353,"href":"http:\/\/lmcharon.cz\/index.php?rest_route=\/wp\/v2\/pages\/1341\/revisions\/1353"}],"up":[{"embeddable":true,"href":"http:\/\/lmcharon.cz\/index.php?rest_route=\/wp\/v2\/pages\/23"}],"wp:attachment":[{"href":"http:\/\/lmcharon.cz\/index.php?rest_route=%2Fwp%2Fv2%2Fmedia&parent=1341"}],"curies":[{"name":"wp","href":"https:\/\/api.w.org\/{rel}","templated":true}]}}