{"id":340,"date":"2012-12-16T15:08:55","date_gmt":"2012-12-16T15:08:55","guid":{"rendered":"http:\/\/www.lmcharon.cz\/?page_id=340"},"modified":"2024-06-22T07:04:10","modified_gmt":"2024-06-22T06:04:10","slug":"ucty-fu-od-1-1-2013","status":"publish","type":"page","link":"http:\/\/lmcharon.cz\/?page_id=340","title":{"rendered":"\u00da\u010dty F\u00da od 1.1.2013"},"content":{"rendered":"<p><span style=\"color: #0000ff;\"><strong>Od. 1. ledna 2013 se ve\u0161ker\u00e9 platby sm\u011b\u0159ovan\u00e9 na finan\u010dn\u00ed \u00fa\u0159ady zas\u00edlaj\u00ed na nov\u00e1 \u010d\u00edsla \u00fa\u010dt\u016f. T\u00fdk\u00e1 se to v\u0161ech plateb, tj. v\u010detn\u011b da\u0148ov\u00fdch z\u00e1loh za prosinec.<\/strong><\/span><\/p>\n<table>\n<tbody>\n<tr>\n<th>N\u00e1zev krajsk\u00e9ho finan\u010dn\u00edho \u00fa\u0159adu<br \/>\nod 1.\u00a01.\u00a02013<\/th>\n<th>Matrikov\u00e1 \u010d\u00e1st<br \/>\n(matrika) bankovn\u00edho \u00fa\u010dtu<\/th>\n<\/tr>\n<tr>\n<td>Finan\u010dn\u00ed \u00fa\u0159ad pro hlavn\u00ed m\u011bsto Prahu<\/td>\n<td>77628031<\/td>\n<\/tr>\n<tr>\n<td>Finan\u010dn\u00ed \u00fa\u0159ad pro St\u0159edo\u010desk\u00fd kraj<\/td>\n<td>77628111<\/td>\n<\/tr>\n<tr>\n<td>Finan\u010dn\u00ed \u00fa\u0159ad pro Jiho\u010desk\u00fd kraj<\/td>\n<td>77627231<\/td>\n<\/tr>\n<tr>\n<td>Finan\u010dn\u00ed \u00fa\u0159ad pro Plze\u0148sk\u00fd kraj<\/td>\n<td>77627311<\/td>\n<\/tr>\n<tr>\n<td>Finan\u010dn\u00ed \u00fa\u0159ad pro Karlovarsk\u00fd kraj<\/td>\n<td>77629341<\/td>\n<\/tr>\n<tr>\n<td>Finan\u010dn\u00ed \u00fa\u0159ad pro \u00dasteck\u00fd kraj<\/td>\n<td>77621411<\/td>\n<\/tr>\n<tr>\n<td>Finan\u010dn\u00ed \u00fa\u0159ad pro Libereck\u00fd kraj<\/td>\n<td>77628461<\/td>\n<\/tr>\n<tr>\n<td>Finan\u010dn\u00ed \u00fa\u0159ad pro Kr\u00e1lovehradeck\u00fd kraj<\/td>\n<td>77626511<\/td>\n<\/tr>\n<tr>\n<td>Finan\u010dn\u00ed \u00fa\u0159ad pro Pardubick\u00fd kraj<\/td>\n<td>77622561<\/td>\n<\/tr>\n<tr>\n<td>Finan\u010dn\u00ed \u00fa\u0159ad pro Kraj Vyso\u010dina<\/td>\n<td>67626681<\/td>\n<\/tr>\n<tr>\n<td>Finan\u010dn\u00ed \u00fa\u0159ad pro Jihomoravsk\u00fd kraj<\/td>\n<td>77628621<\/td>\n<\/tr>\n<tr>\n<td>Finan\u010dn\u00ed \u00fa\u0159ad pro Olomouck\u00fd kraj<\/td>\n<td>47623811<\/td>\n<\/tr>\n<tr>\n<td>Finan\u010dn\u00ed \u00fa\u0159ad pro Moravskoslezsk\u00fd kraj<\/td>\n<td>77621761<\/td>\n<\/tr>\n<tr>\n<td>Finan\u010dn\u00ed \u00fa\u0159ad pro Zl\u00ednsk\u00fd kraj<\/td>\n<td>47620661<\/td>\n<\/tr>\n<tr>\n<td>Specializovan\u00fd finan\u010dn\u00ed \u00fa\u0159ad<\/td>\n<td>77620021<\/td>\n<\/tr>\n<\/tbody>\n<\/table>\n","protected":false},"excerpt":{"rendered":"<p>Od. 1. ledna 2013 se ve\u0161ker\u00e9 platby sm\u011b\u0159ovan\u00e9 na finan\u010dn\u00ed \u00fa\u0159ady zas\u00edlaj\u00ed na nov\u00e1 \u010d\u00edsla \u00fa\u010dt\u016f. T\u00fdk\u00e1 se to v\u0161ech plateb, tj. v\u010detn\u011b da\u0148ov\u00fdch z\u00e1loh za prosinec. N\u00e1zev krajsk\u00e9ho finan\u010dn\u00edho \u00fa\u0159adu od 1.\u00a01.\u00a02013 Matrikov\u00e1 \u010d\u00e1st (matrika) bankovn\u00edho \u00fa\u010dtu Finan\u010dn\u00ed \u00fa\u0159ad &hellip; <a href=\"http:\/\/lmcharon.cz\/?page_id=340\">Cel\u00fd p\u0159\u00edsp\u011bvek <span class=\"meta-nav\">&rarr;<\/span><\/a><\/p>\n","protected":false},"author":1,"featured_media":0,"parent":69,"menu_order":1,"comment_status":"closed","ping_status":"open","template":"","meta":{"footnotes":""},"class_list":["post-340","page","type-page","status-publish","hentry"],"_links":{"self":[{"href":"http:\/\/lmcharon.cz\/index.php?rest_route=\/wp\/v2\/pages\/340","targetHints":{"allow":["GET"]}}],"collection":[{"href":"http:\/\/lmcharon.cz\/index.php?rest_route=\/wp\/v2\/pages"}],"about":[{"href":"http:\/\/lmcharon.cz\/index.php?rest_route=\/wp\/v2\/types\/page"}],"author":[{"embeddable":true,"href":"http:\/\/lmcharon.cz\/index.php?rest_route=\/wp\/v2\/users\/1"}],"replies":[{"embeddable":true,"href":"http:\/\/lmcharon.cz\/index.php?rest_route=%2Fwp%2Fv2%2Fcomments&post=340"}],"version-history":[{"count":1,"href":"http:\/\/lmcharon.cz\/index.php?rest_route=\/wp\/v2\/pages\/340\/revisions"}],"predecessor-version":[{"id":1270,"href":"http:\/\/lmcharon.cz\/index.php?rest_route=\/wp\/v2\/pages\/340\/revisions\/1270"}],"up":[{"embeddable":true,"href":"http:\/\/lmcharon.cz\/index.php?rest_route=\/wp\/v2\/pages\/69"}],"wp:attachment":[{"href":"http:\/\/lmcharon.cz\/index.php?rest_route=%2Fwp%2Fv2%2Fmedia&parent=340"}],"curies":[{"name":"wp","href":"https:\/\/api.w.org\/{rel}","templated":true}]}}