{"id":44,"date":"2011-06-21T18:03:06","date_gmt":"2011-06-21T18:03:06","guid":{"rendered":"http:\/\/www.lmcharon.cz\/?page_id=44"},"modified":"2023-11-27T09:54:36","modified_gmt":"2023-11-27T08:54:36","slug":"silnicni-dan","status":"publish","type":"page","link":"http:\/\/lmcharon.cz\/?page_id=44","title":{"rendered":"Silni\u010dn\u00ed da\u0148"},"content":{"rendered":"<p><a href=\"http:\/\/lmcharon.cz\/wp-content\/uploads\/2023\/11\/Informacni_letak_k_dani_silnicni_za_zdanovaci_obdobi_2022.pdf\" target=\"_blank\" rel=\"noopener\">Informa\u010dn\u00ed let\u00e1k k silni\u010dn\u00ed dani<\/a><\/p>\n","protected":false},"excerpt":{"rendered":"<p>Informa\u010dn\u00ed let\u00e1k k silni\u010dn\u00ed dani<\/p>\n","protected":false},"author":1,"featured_media":0,"parent":125,"menu_order":20,"comment_status":"closed","ping_status":"open","template":"","meta":{"footnotes":""},"class_list":["post-44","page","type-page","status-publish","hentry"],"_links":{"self":[{"href":"http:\/\/lmcharon.cz\/index.php?rest_route=\/wp\/v2\/pages\/44","targetHints":{"allow":["GET"]}}],"collection":[{"href":"http:\/\/lmcharon.cz\/index.php?rest_route=\/wp\/v2\/pages"}],"about":[{"href":"http:\/\/lmcharon.cz\/index.php?rest_route=\/wp\/v2\/types\/page"}],"author":[{"embeddable":true,"href":"http:\/\/lmcharon.cz\/index.php?rest_route=\/wp\/v2\/users\/1"}],"replies":[{"embeddable":true,"href":"http:\/\/lmcharon.cz\/index.php?rest_route=%2Fwp%2Fv2%2Fcomments&post=44"}],"version-history":[{"count":2,"href":"http:\/\/lmcharon.cz\/index.php?rest_route=\/wp\/v2\/pages\/44\/revisions"}],"predecessor-version":[{"id":1250,"href":"http:\/\/lmcharon.cz\/index.php?rest_route=\/wp\/v2\/pages\/44\/revisions\/1250"}],"up":[{"embeddable":true,"href":"http:\/\/lmcharon.cz\/index.php?rest_route=\/wp\/v2\/pages\/125"}],"wp:attachment":[{"href":"http:\/\/lmcharon.cz\/index.php?rest_route=%2Fwp%2Fv2%2Fmedia&parent=44"}],"curies":[{"name":"wp","href":"https:\/\/api.w.org\/{rel}","templated":true}]}}