{"id":573,"date":"2013-12-25T12:51:37","date_gmt":"2013-12-25T12:51:37","guid":{"rendered":"http:\/\/www.lmcharon.cz\/?page_id=573"},"modified":"2025-03-31T08:30:19","modified_gmt":"2025-03-31T07:30:19","slug":"programy","status":"publish","type":"page","link":"http:\/\/lmcharon.cz\/?page_id=573","title":{"rendered":"Programy"},"content":{"rendered":"<p><a href=\"http:\/\/lmcharon.cz\/wp-content\/uploads\/2025\/03\/faktury.zip\" target=\"_blank\" rel=\"noopener\"><strong>Faktura\u010dn\u00ed program zdarma : Fakturky 9.3.6\u00a0 &#8211; 03\/2025<\/strong><\/a><\/p>\n<p><a title=\"Zipovac\u00ed program\" href=\"http:\/\/lmcharon.cz\/wp-content\/uploads\/2014\/05\/IZArc35.exe\" target=\"_blank\" rel=\"noopener\"><strong>Zipovac\u00ed program zadara<\/strong><\/a><\/p>\n<p><a title=\"Microsoft \" href=\"http:\/\/lmcharon.cz\/wp-content\/uploads\/2014\/05\/FileFormatConverters.zip\" target=\"_blank\" rel=\"noopener\">Program Microsoft pro Office 2003<\/a> &#8211;<span style=\"color: #ff0000;\"><em> aby jste na\u010detli Office 2007 a vy\u0161\u0161\u00ed<\/em><\/span><\/p>\n<p>&nbsp;<\/p>\n","protected":false},"excerpt":{"rendered":"<p>Faktura\u010dn\u00ed program zdarma : Fakturky 9.3.6\u00a0 &#8211; 03\/2025 Zipovac\u00ed program zadara Program Microsoft pro Office 2003 &#8211; aby jste na\u010detli Office 2007 a vy\u0161\u0161\u00ed &nbsp;<\/p>\n","protected":false},"author":1,"featured_media":0,"parent":23,"menu_order":20,"comment_status":"closed","ping_status":"open","template":"","meta":{"footnotes":""},"class_list":["post-573","page","type-page","status-publish","hentry"],"_links":{"self":[{"href":"http:\/\/lmcharon.cz\/index.php?rest_route=\/wp\/v2\/pages\/573","targetHints":{"allow":["GET"]}}],"collection":[{"href":"http:\/\/lmcharon.cz\/index.php?rest_route=\/wp\/v2\/pages"}],"about":[{"href":"http:\/\/lmcharon.cz\/index.php?rest_route=\/wp\/v2\/types\/page"}],"author":[{"embeddable":true,"href":"http:\/\/lmcharon.cz\/index.php?rest_route=\/wp\/v2\/users\/1"}],"replies":[{"embeddable":true,"href":"http:\/\/lmcharon.cz\/index.php?rest_route=%2Fwp%2Fv2%2Fcomments&post=573"}],"version-history":[{"count":12,"href":"http:\/\/lmcharon.cz\/index.php?rest_route=\/wp\/v2\/pages\/573\/revisions"}],"predecessor-version":[{"id":1315,"href":"http:\/\/lmcharon.cz\/index.php?rest_route=\/wp\/v2\/pages\/573\/revisions\/1315"}],"up":[{"embeddable":true,"href":"http:\/\/lmcharon.cz\/index.php?rest_route=\/wp\/v2\/pages\/23"}],"wp:attachment":[{"href":"http:\/\/lmcharon.cz\/index.php?rest_route=%2Fwp%2Fv2%2Fmedia&parent=573"}],"curies":[{"name":"wp","href":"https:\/\/api.w.org\/{rel}","templated":true}]}}