{"id":60,"date":"2011-06-22T03:15:59","date_gmt":"2011-06-22T03:15:59","guid":{"rendered":"http:\/\/www.lmcharon.cz\/?page_id=60"},"modified":"2011-06-22T03:15:59","modified_gmt":"2011-06-22T03:15:59","slug":"rejstrik","status":"publish","type":"page","link":"http:\/\/lmcharon.cz\/?page_id=60","title":{"rendered":"rejst\u0159\u00edk"},"content":{"rendered":"<h2>\u00a0<strong><span style=\"color: #0000ff;\">V\u00fdpis z obchodn\u00edho rejst\u0159\u00edku<\/span><\/strong><\/h2>\n<p><a href=\"http:\/\/www.lmcharon.eu\/wp-content\/uploads\/2011\/06\/rejstrik.jpg\"><img loading=\"lazy\" decoding=\"async\" class=\"alignnone size-medium wp-image-449\" alt=\"rejstrik\" src=\"http:\/\/www.lmcharon.eu\/wp-content\/uploads\/2011\/06\/rejstrik-247x300.jpg\" width=\"247\" height=\"300\" \/><\/a><\/p>\n<p>&nbsp;<\/p>\n<h2>\u00a0 \u00a0 \u00a0<span style=\"color: #ff0000;\">Firma \u00a0je pl\u00e1tce DPH\u00a0<\/span><\/h2>\n<p><a href=\"http:\/\/www.lmcharon.eu\/wp-content\/uploads\/2011\/06\/DPH.jpg\"><img loading=\"lazy\" decoding=\"async\" class=\"alignnone size-medium wp-image-446\" alt=\"DPH\" src=\"http:\/\/www.lmcharon.eu\/wp-content\/uploads\/2011\/06\/DPH-300x282.jpg\" width=\"300\" height=\"282\" \/><\/a><\/p>\n","protected":false},"excerpt":{"rendered":"<p>\u00a0V\u00fdpis z obchodn\u00edho rejst\u0159\u00edku &nbsp; \u00a0 \u00a0 \u00a0Firma \u00a0je pl\u00e1tce DPH\u00a0<\/p>\n","protected":false},"author":1,"featured_media":0,"parent":103,"menu_order":5,"comment_status":"closed","ping_status":"open","template":"","meta":{"footnotes":""},"class_list":["post-60","page","type-page","status-publish","hentry"],"_links":{"self":[{"href":"http:\/\/lmcharon.cz\/index.php?rest_route=\/wp\/v2\/pages\/60","targetHints":{"allow":["GET"]}}],"collection":[{"href":"http:\/\/lmcharon.cz\/index.php?rest_route=\/wp\/v2\/pages"}],"about":[{"href":"http:\/\/lmcharon.cz\/index.php?rest_route=\/wp\/v2\/types\/page"}],"author":[{"embeddable":true,"href":"http:\/\/lmcharon.cz\/index.php?rest_route=\/wp\/v2\/users\/1"}],"replies":[{"embeddable":true,"href":"http:\/\/lmcharon.cz\/index.php?rest_route=%2Fwp%2Fv2%2Fcomments&post=60"}],"version-history":[{"count":0,"href":"http:\/\/lmcharon.cz\/index.php?rest_route=\/wp\/v2\/pages\/60\/revisions"}],"up":[{"embeddable":true,"href":"http:\/\/lmcharon.cz\/index.php?rest_route=\/wp\/v2\/pages\/103"}],"wp:attachment":[{"href":"http:\/\/lmcharon.cz\/index.php?rest_route=%2Fwp%2Fv2%2Fmedia&parent=60"}],"curies":[{"name":"wp","href":"https:\/\/api.w.org\/{rel}","templated":true}]}}