{"id":675,"date":"2014-05-10T08:11:59","date_gmt":"2014-05-10T07:11:59","guid":{"rendered":"http:\/\/lmcharon.cz\/?page_id=675"},"modified":"2014-05-10T08:11:59","modified_gmt":"2014-05-10T07:11:59","slug":"dotazy-k-placeni","status":"publish","type":"page","link":"http:\/\/lmcharon.cz\/?page_id=675","title":{"rendered":"Dotazy k placen\u00ed"},"content":{"rendered":"<h3 style=\"color: #000000;\">Jak\u00fd typ po\u0161tovn\u00ed pouk\u00e1zky (&#8222;slo\u017eenky&#8220;) se pou\u017e\u00edv\u00e1 pro placen\u00ed dan\u00ed?<\/h3>\n<p style=\"color: #555555;\">Pokud si poplatn\u00edk (pl\u00e1tce) nevyzvedne za \u00fa\u010delem zaplacen\u00ed dan\u011b po\u0161tovn\u00ed pouk\u00e1zku u sv\u00e9ho spr\u00e1vce dan\u011b na m\u00edstn\u011b p\u0159\u00edslu\u0161n\u00e9m finan\u010dn\u00edm nebo celn\u00edm \u00fa\u0159ad\u011b, m\u016f\u017ee pou\u017e\u00edt po\u0161tovn\u00ed pouk\u00e1zku typu &#8222;A&#8220;.<\/p>\n<h3 style=\"color: #000000;\">Jak\u00e9 existuj\u00ed zp\u016fsoby (formy) placen\u00ed dan\u00ed?<\/h3>\n<p style=\"color: #555555;\">Da\u0148 lze zaplatit:<\/p>\n<ul style=\"color: #555555;\">\n<li>hotovostn\u00ed formou v pokladn\u011b m\u00edstn\u011b p\u0159\u00edslu\u0161n\u00e9ho finan\u010dn\u00edho \u00fa\u0159adu a prost\u0159ednictv\u00edm po\u0161tovn\u00ed pouk\u00e1zky,<\/li>\n<li>bezhotovostn\u00ed formou bankovn\u00edm p\u0159\u00edkazem.<\/li>\n<\/ul>\n<h3 style=\"color: #000000;\">Jakou strukturu m\u00e1 variabiln\u00ed symbol, kter\u00fd se uv\u00e1d\u00ed p\u0159i placen\u00ed dan\u00ed?<\/h3>\n<p style=\"color: #555555;\">M\u00e1-li poplatn\u00edk (pl\u00e1tce) p\u0159id\u011bleno da\u0148ov\u00e9 identifika\u010dn\u00ed \u010d\u00edslo (DI\u010c), vep\u00ed\u0161e do p\u0159\u00edslu\u0161n\u00e9 kolonky pro variabiln\u00ed symbol kmenovou \u010d\u00e1st DI\u010c, t.j. bu\u010f \u010d\u00edsla za poml\u010dkou (pro p\u016fvodn\u00ed variantu tvaru DI\u010c) nebo \u010d\u00edsla za p\u00edsmeny CZ (pro novou variantu tvaru DI\u010c). Nen\u00ed-li poplatn\u00edk (pl\u00e1tce) registrov\u00e1n, to znamen\u00e1, \u017ee nem\u00e1 p\u0159id\u011bleno DI\u010c, uvede v p\u0159\u00edpad\u011b fyzick\u00e9 osoby do kolonky pro variabiln\u00ed symbol sv\u00e9 rodn\u00e9 \u010d\u00edslo, a to bez jak\u00fdchkoliv mezer, poml\u010dek nebo lom\u00edtek, tj. uvede 9 nebo 10 \u010d\u00edslic v \u0159ad\u011b za sebou, v p\u0159\u00edpad\u011b pr\u00e1vnick\u00e9 osoby uvede sv\u00e9 I\u010cO.<\/p>\n<h3 style=\"color: #000000;\">Jak\u00fd je konstantn\u00ed symbol u placen\u00ed dan\u00ed?<\/h3>\n<p style=\"color: #555555;\">P\u0159i\u00a0<strong>bezhotovostn\u00edm<\/strong>\u00a0placen\u00ed dan\u00ed se pou\u017e\u00edv\u00e1 univerz\u00e1ln\u00ed konstantn\u00ed symbol\u00a0<strong>1148<\/strong>.<br \/>\nP\u0159i\u00a0<strong>hotovostn\u00edm<\/strong>\u00a0placen\u00ed dan\u00ed se pou\u017e\u00edv\u00e1 univerz\u00e1ln\u00ed konstantn\u00ed symbol\u00a0<strong>1149<\/strong>.<\/p>\n<h3 style=\"color: #000000;\">Jak\u00fd je k\u00f3d banky u placen\u00ed dan\u00ed?<\/h3>\n<p style=\"color: #555555;\">K\u00f3d banky je sou\u010d\u00e1st\u00ed \u010d\u00edsla \u00fa\u010dtu a mus\u00ed b\u00fdt v\u017edy 0710 (k\u00f3d \u010cNB).<\/p>\n<h3 style=\"color: #000000;\">Jak \u010dasto prov\u00e1d\u011bj\u00ed F\u00da p\u0159evody sd\u00edlen\u00fdch dan\u00ed obc\u00edm a kraj\u016fm?<\/h3>\n<p style=\"color: #555555;\">F\u00da p\u0159ev\u00e1d\u00ed da\u0148ov\u00e9 p\u0159\u00edjmy ur\u010den\u00e9 obc\u00edm a kraj\u016fm dle koeficient\u016f pod\u00edl\u016f na celost\u00e1tn\u00edm inkasu sd\u00edlen\u00fdch dan\u00ed dvakr\u00e1t m\u011bs\u00ed\u010dn\u011b, je-li \u010d\u00e1stka ur\u010den\u00e1 k p\u0159evodu vy\u0161\u0161\u00ed ne\u017e 500 K\u010d.<\/p>\n<p style=\"color: #555555;\">Zdroj :\u00a0<a title=\"Dotazy a odpov\u011bdi\" href=\"http:\/\/www.financnisprava.cz\/cs\/dane-a-pojistne\/placeni-dani\/dotazy-a-odpovedi\" target=\"_blank\">Finan\u010dn\u00ed spr\u00e1va<\/a><\/p>\n<p style=\"color: #555555;\">\n","protected":false},"excerpt":{"rendered":"<p>Jak\u00fd typ po\u0161tovn\u00ed pouk\u00e1zky (&#8222;slo\u017eenky&#8220;) se pou\u017e\u00edv\u00e1 pro placen\u00ed dan\u00ed? Pokud si poplatn\u00edk (pl\u00e1tce) nevyzvedne za \u00fa\u010delem zaplacen\u00ed dan\u011b po\u0161tovn\u00ed pouk\u00e1zku u sv\u00e9ho spr\u00e1vce dan\u011b na m\u00edstn\u011b p\u0159\u00edslu\u0161n\u00e9m finan\u010dn\u00edm nebo celn\u00edm \u00fa\u0159ad\u011b, m\u016f\u017ee pou\u017e\u00edt po\u0161tovn\u00ed pouk\u00e1zku typu &#8222;A&#8220;. Jak\u00e9 existuj\u00ed &hellip; <a href=\"http:\/\/lmcharon.cz\/?page_id=675\">Cel\u00fd p\u0159\u00edsp\u011bvek <span class=\"meta-nav\">&rarr;<\/span><\/a><\/p>\n","protected":false},"author":1,"featured_media":0,"parent":69,"menu_order":70,"comment_status":"closed","ping_status":"closed","template":"","meta":{"footnotes":""},"class_list":["post-675","page","type-page","status-publish","hentry"],"_links":{"self":[{"href":"http:\/\/lmcharon.cz\/index.php?rest_route=\/wp\/v2\/pages\/675","targetHints":{"allow":["GET"]}}],"collection":[{"href":"http:\/\/lmcharon.cz\/index.php?rest_route=\/wp\/v2\/pages"}],"about":[{"href":"http:\/\/lmcharon.cz\/index.php?rest_route=\/wp\/v2\/types\/page"}],"author":[{"embeddable":true,"href":"http:\/\/lmcharon.cz\/index.php?rest_route=\/wp\/v2\/users\/1"}],"replies":[{"embeddable":true,"href":"http:\/\/lmcharon.cz\/index.php?rest_route=%2Fwp%2Fv2%2Fcomments&post=675"}],"version-history":[{"count":0,"href":"http:\/\/lmcharon.cz\/index.php?rest_route=\/wp\/v2\/pages\/675\/revisions"}],"up":[{"embeddable":true,"href":"http:\/\/lmcharon.cz\/index.php?rest_route=\/wp\/v2\/pages\/69"}],"wp:attachment":[{"href":"http:\/\/lmcharon.cz\/index.php?rest_route=%2Fwp%2Fv2%2Fmedia&parent=675"}],"curies":[{"name":"wp","href":"https:\/\/api.w.org\/{rel}","templated":true}]}}