{"id":71,"date":"2011-06-22T13:26:28","date_gmt":"2011-06-22T13:26:28","guid":{"rendered":"http:\/\/www.lmcharon.cz\/?page_id=71"},"modified":"2024-06-22T07:04:58","modified_gmt":"2024-06-22T06:04:58","slug":"jak-zaplatit-fu","status":"publish","type":"page","link":"http:\/\/lmcharon.cz\/?page_id=71","title":{"rendered":"Jak zaplatit F\u00da"},"content":{"rendered":"<p>\u00dapln\u00fd tvar \u010d\u00edsla bankovn\u00edho \u00fa\u010dtu pro \u00fahradu ur\u010dit\u00e9 dan\u011b m\u00edstn\u011b p\u0159\u00edslu\u0161n\u00e9mu finan\u010dn\u00edmu nebo celn\u00edmu \u00fa\u0159adu se sestav\u00ed z <strong>p\u0159ed\u010d\u00edsl\u00ed bankovn\u00edho \u00fa\u010dtu<\/strong>, z <strong>matrikov\u00e9 \u010d\u00e1sti<\/strong> a z <strong>k\u00f3du banky<\/strong>. P\u0159ed\u010d\u00edsl\u00ed bankovn\u00edho \u00fa\u010dtu a matrikov\u00e1 \u010d\u00e1st jsou od sebe <strong>odd\u011bleny poml\u010dkou<\/strong>, za matrikovou \u010d\u00e1st\u00ed bez mezery n\u00e1sleduje <strong>lom\u00edtko<\/strong> a <strong>sm\u011brov\u00fd k\u00f3d \u010cesk\u00e9 n\u00e1rodn\u00ed banky<\/strong> (\u010cNB), u n\u00ed\u017e maj\u00ed finan\u010dn\u00ed \u00fa\u0159ady vedeny \u00fa\u010dty (k\u00f3d 0710).<\/p>\n<p><strong>Z\u00e1kladn\u00ed \u010d\u00e1sti bankovn\u00edho \u00fa\u010dtu jsou:<\/strong><\/p>\n<ol>\n<li>\n<div><strong>P\u0159ed\u010d\u00edsl\u00ed bankovn\u00edho \u00fa\u010dtu<\/strong> (v rozsahu dvou a\u017e p\u011bti \u010d\u00edslic) jednozna\u010dn\u011b ur\u010duje druh dan\u011b, k jej\u00edmu\u017e vyb\u00edr\u00e1n\u00ed je \u00fa\u010det z\u0159\u00edzen. Pro konkr\u00e9tn\u00ed druh dan\u011b je p\u0159ed\u010d\u00edsl\u00ed v\u017edy shodn\u00e9 pro v\u0161echny finan\u010dn\u00ed nebo celn\u00ed \u00fa\u0159ady.<\/div>\n<\/li>\n<li>\n<div><strong>Matrikov\u00e1 \u010d\u00e1st<\/strong> ur\u010duje vlastn\u00ed finan\u010dn\u00ed nebo celn\u00ed \u00fa\u0159ad. V\u0161echny bankovn\u00ed \u00fa\u010dty jednoho \u00fa\u0159adu maj\u00ed stejnou matrikovou \u010d\u00e1st.<\/div>\n<\/li>\n<\/ol>\n<div><span style=\"color: #800000;\"><strong>Jako p\u0159\u00edklad uv\u00e1d\u00edme konstrukci cel\u00e9ho \u010d\u00edsla bankovn\u00edho \u00fa\u010dtu pro \u00fahradu dan\u011b z nemovitost\u00ed u Finan\u010dn\u00edho \u00fa\u0159adu pro Prahu 1, kdy spr\u00e1vn\u00fd \u00fapln\u00fd tvar bankovn\u00edho \u00fa\u010dtu je 7755-7625011\/0710.<\/strong><\/span><\/div>\n<h2><\/h2>\n<p>&nbsp;<\/p>\n<p>&nbsp;<\/p>\n","protected":false},"excerpt":{"rendered":"<p>\u00dapln\u00fd tvar \u010d\u00edsla bankovn\u00edho \u00fa\u010dtu pro \u00fahradu ur\u010dit\u00e9 dan\u011b m\u00edstn\u011b p\u0159\u00edslu\u0161n\u00e9mu finan\u010dn\u00edmu nebo celn\u00edmu \u00fa\u0159adu se sestav\u00ed z p\u0159ed\u010d\u00edsl\u00ed bankovn\u00edho \u00fa\u010dtu, z matrikov\u00e9 \u010d\u00e1sti a z k\u00f3du banky. P\u0159ed\u010d\u00edsl\u00ed bankovn\u00edho \u00fa\u010dtu a matrikov\u00e1 \u010d\u00e1st jsou od sebe odd\u011bleny poml\u010dkou, za &hellip; <a href=\"http:\/\/lmcharon.cz\/?page_id=71\">Cel\u00fd p\u0159\u00edsp\u011bvek <span class=\"meta-nav\">&rarr;<\/span><\/a><\/p>\n","protected":false},"author":1,"featured_media":0,"parent":69,"menu_order":1,"comment_status":"closed","ping_status":"open","template":"","meta":{"footnotes":""},"class_list":["post-71","page","type-page","status-publish","hentry"],"_links":{"self":[{"href":"http:\/\/lmcharon.cz\/index.php?rest_route=\/wp\/v2\/pages\/71","targetHints":{"allow":["GET"]}}],"collection":[{"href":"http:\/\/lmcharon.cz\/index.php?rest_route=\/wp\/v2\/pages"}],"about":[{"href":"http:\/\/lmcharon.cz\/index.php?rest_route=\/wp\/v2\/types\/page"}],"author":[{"embeddable":true,"href":"http:\/\/lmcharon.cz\/index.php?rest_route=\/wp\/v2\/users\/1"}],"replies":[{"embeddable":true,"href":"http:\/\/lmcharon.cz\/index.php?rest_route=%2Fwp%2Fv2%2Fcomments&post=71"}],"version-history":[{"count":1,"href":"http:\/\/lmcharon.cz\/index.php?rest_route=\/wp\/v2\/pages\/71\/revisions"}],"predecessor-version":[{"id":1271,"href":"http:\/\/lmcharon.cz\/index.php?rest_route=\/wp\/v2\/pages\/71\/revisions\/1271"}],"up":[{"embeddable":true,"href":"http:\/\/lmcharon.cz\/index.php?rest_route=\/wp\/v2\/pages\/69"}],"wp:attachment":[{"href":"http:\/\/lmcharon.cz\/index.php?rest_route=%2Fwp%2Fv2%2Fmedia&parent=71"}],"curies":[{"name":"wp","href":"https:\/\/api.w.org\/{rel}","templated":true}]}}