{"id":726,"date":"2014-12-09T18:28:40","date_gmt":"2014-12-09T17:28:40","guid":{"rendered":"http:\/\/lmcharon.cz\/?page_id=726"},"modified":"2015-11-07T13:19:07","modified_gmt":"2015-11-07T12:19:07","slug":"mzdovy-vymer","status":"publish","type":"page","link":"http:\/\/lmcharon.cz\/?page_id=726","title":{"rendered":"Mzdov\u00fd v\u00fdm\u011br"},"content":{"rendered":"<p><strong>Mzdov\u00fd v\u00fdm\u011br<\/strong><\/p>\n<p><strong>\u00a0<\/strong><strong>Vztah k pr\u00e1vn\u00edm p\u0159edpis\u016fm<\/strong><\/p>\n<ul>\n<li>113 odst. 4, \u00a7 37 odst. 1 p\u00edsm. f) z\u00e1k. \u010d. 262\/2006 Sb.<\/li>\n<\/ul>\n<p><strong>Pojmov\u00e9 znaky<\/strong><\/p>\n<p><strong>\u00a0<\/strong>\u00a0 \u00a0 \u00a0 \u00a0 \u00a0 \u00a0 \u00a0 \u00a0 sjednan\u00fd druh pr\u00e1ce, mzda, v\u00fd\u0161e mzdy<\/p>\n<p><strong>Z\u00e1kladn\u00ed pojmy<\/strong><\/p>\n<p><strong>Mzda:<\/strong><\/p>\n<p>Pen\u011b\u017eit\u00e1 pln\u011bn\u00ed nebo pln\u011bn\u00ed pen\u011b\u017eit\u00e9 hodnoty poskytovan\u00e1 zam\u011bstnavatelem zam\u011bstnanci za pr\u00e1ci, a to podle jej\u00ed slo\u017eitosti, odpov\u011bdnosti a nam\u00e1havosti, podle obt\u00ed\u017enosti pracovn\u00edch podm\u00ednek, pracovn\u00ed v\u00fdkonnosti a dosahovan\u00fdch pracovn\u00edch v\u00fdsledk\u016f.<\/p>\n<p><strong>V\u00fd\u0161e mzdy:<\/strong><\/p>\n<p>Mzda n\u00e1le\u017e\u00ed nejm\u00e9n\u011b ve v\u00fd\u0161i a za podm\u00ednek stanoven\u00fdch z\u00e1kon\u00edkem pr\u00e1ce.<\/p>\n<p><strong>N\u00e1le\u017eitosti<\/strong><\/p>\n<p>a) identifikace zam\u011bstnance,<\/p>\n<p>b) ur\u010den\u00e1 v\u00fd\u0161e mzdy,<\/p>\n<p>c) p\u00edsemn\u00e1 forma,<\/p>\n<p>d) podpis opr\u00e1vn\u011bn\u00e9ho vedouc\u00edho zam\u011bstnance, datum vystaven\u00ed,<\/p>\n<p>e) potvrzen\u00ed o p\u0159ijet\u00ed.<\/p>\n<p><strong>Specifika<\/strong><\/p>\n<p>Na rozd\u00edl od sjedn\u00e1n\u00ed v\u00fd\u0161e mzdy v pracovn\u00ed smlouv\u011b, jedn\u00e1 se o jednostrann\u00fd pr\u00e1vn\u00ed \u00fakon zam\u011bstnavatele, kter\u00fdm konkr\u00e9tn\u00edmu zam\u011bstnanci ur\u010duje v\u00fd\u0161i mzdy. Mzdov\u00fd v\u00fdm\u011br vych\u00e1z\u00ed z podm\u00ednek, kter\u00e9 jsou uvedeny v kolektivn\u00ed smlouv\u011b nebo ve vnit\u0159n\u00edm mzdov\u00e9m p\u0159edpisu zam\u011bstnavatele, pokud tyto vnit\u0159n\u00ed dokumenty byly u zam\u011bstnavatele vyd\u00e1ny. Sv\u00fdm podpisem na mzdov\u00e9m v\u00fdm\u011bru zam\u011bstnanec potvrzuje pouze, \u017ee v\u00fdm\u011br p\u0159ijal (nikoliv, \u017ee s n\u00edm nutn\u011b souhlas\u00ed). Mzdov\u00fd v\u00fdm\u011br mus\u00ed b\u00fdt vystaven a zam\u011bstnanci p\u0159ed\u00e1n p\u0159ed v\u00fdkonem pr\u00e1ce, za kterou stanoven\u00e1 mzda p\u0159\u00edslu\u0161\u00ed. Mzdov\u00fd v\u00fdm\u011br se nevystavuje, pokud mzda byla ji\u017e sjedn\u00e1na v pracovn\u00ed smlouv\u011b.<\/p>\n<p>Mzdov\u00fd v\u00fdm\u011br m\u00e1 obsahovat rovn\u011b\u017e \u00fadaje o term\u00ednu a m\u00edst\u011b v\u00fdplaty mzdy, jestli\u017ee tyto \u00fadaje neobsahuje pracovn\u00ed nebo kolektivn\u00ed smlouva nebo vnit\u0159n\u00ed p\u0159edpis.<\/p>\n<p><strong>Forma<\/strong><\/p>\n<p>p\u00edsemn\u00e1, nejm\u00e9n\u011b ve 2 vyhotoven\u00edch (1 x pro zam\u011bstnance, 1 x pro zam\u011bstnavatele)<\/p>\n<p><strong>Pozn\u00e1mky<\/strong><\/p>\n<p>Zam\u011bstnanec m\u00e1 b\u00fdt p\u0159edem p\u00edsemn\u011b informov\u00e1n o sv\u00fdch z\u00e1kladn\u00edch mzdov\u00fdch n\u00e1le\u017eitostech, tedy o v\u00fd\u0161i z\u00e1kladn\u00ed mzdy, za kterou bude podle pracovn\u00ed smlouvy pracovat, pokud ov\u0161em ji\u017e nebyla v\u00fd\u0161e mzdy sjedn\u00e1na v pracovn\u00ed smlouv\u011b. Nadstavbov\u00e9 slu\u017eby se ve mzdov\u00e9m v\u00fdm\u011bru zpravidla neuv\u00e1d\u011bj\u00ed, lze v\u0161ak odk\u00e1zat na p\u0159\u00edslu\u0161n\u00e9 obecn\u00e9 \u010di vnit\u0159n\u00ed p\u0159edpisy, jak je uvedeno ve vzoru. N\u011bkdy se i v pracovn\u00ed smlouv\u011b uv\u00e1d\u00ed, \u017ee mzda bude zam\u011bstnanci ur\u010dena mzdov\u00fdm v\u00fdm\u011brem. Nedoporu\u010duje se uv\u00e1d\u011bt v pracovn\u00ed smlouv\u011b, \u017ee mzdov\u00fd v\u00fdm\u011br je p\u0159\u00edlohou pracovn\u00ed smlouvy, proto\u017ee se t\u00edm ztr\u00e1c\u00ed v\u00fdhoda jednostrann\u00e9ho pracovn\u00edho \u00fakonu ze strany zam\u011bstnavatele a nad\u00e1le mzdov\u00fd v\u00fdm\u011br, kter\u00fd je p\u0159\u00edlohou pracovn\u00ed smlouvy, nelze m\u011bnit bez souhlasu zam\u011bstnance.<\/p>\n<p>V\u00fd\u0161e mzdy nen\u00ed v podnikatelsk\u00e9 sf\u00e9\u0159e omezena. Je v\u0161ak nutno db\u00e1t, aby nedoch\u00e1zelo k diskriminaci zam\u011bstnanc\u016f, a to poru\u0161en\u00edm z\u00e1sady, \u017ee za stejnou pr\u00e1ci a za pr\u00e1ci stejn\u00e9 hodnoty p\u0159\u00edslu\u0161\u00ed v\u0161em zam\u011bstnanc\u016fm u jednoho zam\u011bstnavatele stejn\u00e1 mzda (viz \u00a7 110 odst. 1 ZP).<\/p>\n<p>&nbsp;<\/p>\n","protected":false},"excerpt":{"rendered":"<p>Mzdov\u00fd v\u00fdm\u011br \u00a0Vztah k pr\u00e1vn\u00edm p\u0159edpis\u016fm 113 odst. 4, \u00a7 37 odst. 1 p\u00edsm. f) z\u00e1k. \u010d. 262\/2006 Sb. Pojmov\u00e9 znaky \u00a0\u00a0 \u00a0 \u00a0 \u00a0 \u00a0 \u00a0 \u00a0 \u00a0 sjednan\u00fd druh pr\u00e1ce, mzda, v\u00fd\u0161e mzdy Z\u00e1kladn\u00ed pojmy Mzda: Pen\u011b\u017eit\u00e1 pln\u011bn\u00ed &hellip; <a href=\"http:\/\/lmcharon.cz\/?page_id=726\">Cel\u00fd p\u0159\u00edsp\u011bvek <span class=\"meta-nav\">&rarr;<\/span><\/a><\/p>\n","protected":false},"author":1,"featured_media":0,"parent":152,"menu_order":5,"comment_status":"closed","ping_status":"closed","template":"","meta":{"footnotes":""},"class_list":["post-726","page","type-page","status-publish","hentry"],"_links":{"self":[{"href":"http:\/\/lmcharon.cz\/index.php?rest_route=\/wp\/v2\/pages\/726","targetHints":{"allow":["GET"]}}],"collection":[{"href":"http:\/\/lmcharon.cz\/index.php?rest_route=\/wp\/v2\/pages"}],"about":[{"href":"http:\/\/lmcharon.cz\/index.php?rest_route=\/wp\/v2\/types\/page"}],"author":[{"embeddable":true,"href":"http:\/\/lmcharon.cz\/index.php?rest_route=\/wp\/v2\/users\/1"}],"replies":[{"embeddable":true,"href":"http:\/\/lmcharon.cz\/index.php?rest_route=%2Fwp%2Fv2%2Fcomments&post=726"}],"version-history":[{"count":1,"href":"http:\/\/lmcharon.cz\/index.php?rest_route=\/wp\/v2\/pages\/726\/revisions"}],"predecessor-version":[{"id":727,"href":"http:\/\/lmcharon.cz\/index.php?rest_route=\/wp\/v2\/pages\/726\/revisions\/727"}],"up":[{"embeddable":true,"href":"http:\/\/lmcharon.cz\/index.php?rest_route=\/wp\/v2\/pages\/152"}],"wp:attachment":[{"href":"http:\/\/lmcharon.cz\/index.php?rest_route=%2Fwp%2Fv2%2Fmedia&parent=726"}],"curies":[{"name":"wp","href":"https:\/\/api.w.org\/{rel}","templated":true}]}}