{"id":740,"date":"2014-12-22T16:51:11","date_gmt":"2014-12-22T15:51:11","guid":{"rendered":"http:\/\/lmcharon.cz\/?page_id=740"},"modified":"2024-12-13T11:33:56","modified_gmt":"2024-12-13T10:33:56","slug":"cestaky-2015","status":"publish","type":"page","link":"http:\/\/lmcharon.cz\/?page_id=740","title":{"rendered":"Ces\u0165\u00e1ky 2025"},"content":{"rendered":"<h2>Cestovn\u00ed n\u00e1hrady p\u0159i pou\u017e\u00edv\u00e1n\u00ed vozidla na slu\u017eebn\u00ed cest\u011b<\/h2>\n<p>Sazba z\u00e1kladn\u00ed n\u00e1hrady za\u00a0<strong>1 km<\/strong>\u00a0j\u00edzdy bude \u010dinit\u00a0<strong>1,60 K\u010d u jednostop\u00fdch vozidel a 5,80 K\u010d u osobn\u00edch silni\u010dn\u00edch motorov\u00fdch vozidel<\/strong>.<\/p>\n<p>Pr\u016fm\u011brn\u00e1 cena pohonn\u00fdch hmot za p\u0159edpokladu, \u017ee zam\u011bstnanec nep\u0159edlo\u017e\u00ed zam\u011bstnavateli k vy\u00fa\u010dtov\u00e1n\u00ed \u00fa\u010dtenku nebo fakturu za tankov\u00e1n\u00ed, bude pro rok 2025 vypadat takto:<\/p>\n<table class=\"table\" width=\"100%\">\n<colgroup>\n<col width=\"128*\" \/>\n<col width=\"128*\" \/><\/colgroup>\n<tbody>\n<tr valign=\"top\">\n<td>1 litr automobilov\u00e9ho benz\u00ednu 95 oktan\u016f<\/td>\n<td>35,60 K\u010d<\/td>\n<\/tr>\n<tr valign=\"top\">\n<td>1 litr automobilov\u00e9ho benz\u00ednu 98 oktan\u016f<\/td>\n<td>40,30 K\u010d<\/td>\n<\/tr>\n<tr valign=\"top\">\n<td>1 litr motorov\u00e9 nafty<\/td>\n<td>34,30 K\u010d<\/td>\n<\/tr>\n<tr valign=\"top\">\n<td>1 litr za kilowatthodinu elekt\u0159iny<\/td>\n<td>7,70 K\u010d<\/td>\n<\/tr>\n<\/tbody>\n<\/table>\n<h2><a id=\"2\" name=\"2\"><\/a>Tuzemsk\u00e9 stravn\u00e9 u zam\u011bstnanc\u016f soukrom\u00e9ho sektoru<\/h2>\n<p>V\u00fd\u0161e stravn\u00e9ho je v\u017edy z\u00e1visl\u00e1 na tom, jak dlouhou dobu zam\u011bstnanec na pracovn\u00ed cest\u011b str\u00e1vil. Oproti lo\u0148sk\u00e9mu roku doch\u00e1z\u00ed k nav\u00fd\u0161en\u00ed minim\u00e1ln\u00edch sazeb, a to<\/p>\n<ul>\n<li>z 140 K\u010d na\u00a0<strong>148 K\u010d<\/strong>, pokud cesta trv\u00e1 od 5 do 12 hodin,<\/li>\n<li>z 212 K\u010d na\u00a0<strong>224 K\u010d<\/strong>, pokud cesta trv\u00e1 od 12 do 18 hodin,<\/li>\n<li>z 333 K\u010d na\u00a0<strong>351 K\u010d<\/strong>, pokud cesta trv\u00e1 d\u00e1le ne\u017e 18 hodin.<\/li>\n<\/ul>\n<p>Zam\u011bstnavatel pak samoz\u0159ejm\u011b m\u016f\u017ee zam\u011bstnanci poskytnout i vy\u0161\u0161\u00ed diety. N\u00ed\u017ee ne\u017e pod tyto sazby v\u0161ak j\u00edt nem\u016f\u017ee.<\/p>\n<h2><a id=\"3\" name=\"3\"><\/a>Diety p\u0159i slu\u017eebn\u00ed cest\u011b u st\u00e1tn\u00edch zam\u011bstnanc\u016f<\/h2>\n<p>U st\u00e1tn\u00edch zam\u011bstnanc\u016f nen\u00ed jednotn\u00e1 minim\u00e1ln\u00ed sazba, ale rozmez\u00ed, kter\u00e9 mus\u00ed zam\u011bstnavatel dodr\u017eet. Z\u00e1rove\u0148 tak\u00e9 nem\u016f\u017ee j\u00edt logicky n\u00ed\u017e, ale v tomto p\u0159\u00edpad\u011b ani v\u00fd\u0161.<\/p>\n<table class=\"table\" width=\"100%\">\n<colgroup>\n<col width=\"85*\" \/>\n<col width=\"85*\" \/>\n<col width=\"85*\" \/><\/colgroup>\n<tbody>\n<tr valign=\"top\">\n<td><strong>D\u00e9lka slu\u017eebn\u00ed cesty<\/strong><\/td>\n<td><strong>Sazby stravn\u00e9ho 2025<\/strong><\/td>\n<td><strong>Sazby stravn\u00e9ho 2024<\/strong><\/td>\n<\/tr>\n<tr valign=\"top\">\n<td>5 a\u017e 12 hodin<\/td>\n<td>148 K\u010d a\u017e 176 K\u010d<\/td>\n<td>140 K\u010d a\u017e 166 K\u010d<\/td>\n<\/tr>\n<tr valign=\"top\">\n<td>12 a\u017e 18 hodin<\/td>\n<td>224 K\u010d a\u017e 270 K\u010d<\/td>\n<td>212 K\u010d a\u017e 256 K\u010d<\/td>\n<\/tr>\n<tr valign=\"top\">\n<td>D\u00e9le ne\u017e 18 hodin<\/td>\n<td>351 K\u010d a\u017e 420 K\u010d<\/td>\n<td>333 K\u010d a\u017e 398 K\u010d<\/td>\n<\/tr>\n<\/tbody>\n<\/table>\n","protected":false},"excerpt":{"rendered":"<p>Cestovn\u00ed n\u00e1hrady p\u0159i pou\u017e\u00edv\u00e1n\u00ed vozidla na slu\u017eebn\u00ed cest\u011b Sazba z\u00e1kladn\u00ed n\u00e1hrady za\u00a01 km\u00a0j\u00edzdy bude \u010dinit\u00a01,60 K\u010d u jednostop\u00fdch vozidel a 5,80 K\u010d u osobn\u00edch silni\u010dn\u00edch motorov\u00fdch vozidel. Pr\u016fm\u011brn\u00e1 cena pohonn\u00fdch hmot za p\u0159edpokladu, \u017ee zam\u011bstnanec nep\u0159edlo\u017e\u00ed zam\u011bstnavateli k vy\u00fa\u010dtov\u00e1n\u00ed \u00fa\u010dtenku &hellip; <a href=\"http:\/\/lmcharon.cz\/?page_id=740\">Cel\u00fd p\u0159\u00edsp\u011bvek <span class=\"meta-nav\">&rarr;<\/span><\/a><\/p>\n","protected":false},"author":1,"featured_media":0,"parent":125,"menu_order":2,"comment_status":"closed","ping_status":"closed","template":"","meta":{"footnotes":""},"class_list":["post-740","page","type-page","status-publish","hentry"],"_links":{"self":[{"href":"http:\/\/lmcharon.cz\/index.php?rest_route=\/wp\/v2\/pages\/740","targetHints":{"allow":["GET"]}}],"collection":[{"href":"http:\/\/lmcharon.cz\/index.php?rest_route=\/wp\/v2\/pages"}],"about":[{"href":"http:\/\/lmcharon.cz\/index.php?rest_route=\/wp\/v2\/types\/page"}],"author":[{"embeddable":true,"href":"http:\/\/lmcharon.cz\/index.php?rest_route=\/wp\/v2\/users\/1"}],"replies":[{"embeddable":true,"href":"http:\/\/lmcharon.cz\/index.php?rest_route=%2Fwp%2Fv2%2Fcomments&post=740"}],"version-history":[{"count":19,"href":"http:\/\/lmcharon.cz\/index.php?rest_route=\/wp\/v2\/pages\/740\/revisions"}],"predecessor-version":[{"id":1304,"href":"http:\/\/lmcharon.cz\/index.php?rest_route=\/wp\/v2\/pages\/740\/revisions\/1304"}],"up":[{"embeddable":true,"href":"http:\/\/lmcharon.cz\/index.php?rest_route=\/wp\/v2\/pages\/125"}],"wp:attachment":[{"href":"http:\/\/lmcharon.cz\/index.php?rest_route=%2Fwp%2Fv2%2Fmedia&parent=740"}],"curies":[{"name":"wp","href":"https:\/\/api.w.org\/{rel}","templated":true}]}}