{"id":743,"date":"2014-12-26T08:24:02","date_gmt":"2014-12-26T07:24:02","guid":{"rendered":"http:\/\/lmcharon.cz\/?page_id=743"},"modified":"2025-12-23T08:27:34","modified_gmt":"2025-12-23T07:27:34","slug":"cestaky-2015-rychle","status":"publish","type":"page","link":"http:\/\/lmcharon.cz\/?page_id=743","title":{"rendered":"Ces\u0165\u00e1ky 2026"},"content":{"rendered":"<div class=\"wrapper\">\n<div class=\"fragment-wrapper nt-styl-01  \" data-fragment-id=\"f1127366\">\n<div class=\"fragment-container \">\n<div class=\"left level-2    type-prefix-number \">573<\/div>\n<\/div>\n<\/div>\n<\/div>\n<div class=\"wrapper\">\n<div class=\"fragment-wrapper nt-styl-02  \" data-fragment-id=\"f930756\">\n<div class=\"fragment-container \">\n<div class=\"left level-2    type-prefix-type \">VYHL\u00c1\u0160KA<\/div>\n<\/div>\n<\/div>\n<\/div>\n<div class=\"wrapper\">\n<div class=\"fragment-wrapper nt-styl-10  \" data-fragment-id=\"f1127368\">\n<div class=\"fragment-container \">\n<div class=\"left level-2    type-prefix-date \">ze dne 18.\u00a0prosince 2025<\/div>\n<\/div>\n<\/div>\n<\/div>\n<div class=\"wrapper\">\n<div class=\"fragment-wrapper nt-styl-05-03-arial-obalka  \" data-fragment-id=\"f1127370\">\n<div class=\"fragment-container \">\n<div class=\"left level-2    type-prefix-title \">O ZM\u011aN\u011a SAZBY Z\u00c1KLADN\u00cd N\u00c1HRADY ZA POU\u017d\u00cdV\u00c1N\u00cd SILNI\u010cN\u00cdCH MOTOROV\u00ddCH VOZIDEL A STRAVN\u00c9HO A O STANOVEN\u00cd PR\u016eM\u011aRN\u00c9 CENY POHONN\u00ddCH HMOT PRO \u00da\u010cELY POSKYTOV\u00c1N\u00cd CESTOVN\u00cdCH N\u00c1HRAD PRO ROK 2026<\/div>\n<\/div>\n<\/div>\n<\/div>\n<div class=\"wrapper\">\n<div class=\"fragment-wrapper nt-styl-11-01  \" data-fragment-id=\"f1120698\">\n<div class=\"fragment-container \">\n<div class=\"left level-2    type-prefix \">Ministerstvo pr\u00e1ce a soci\u00e1ln\u00edch v\u011bc\u00ed stanov\u00ed podle\u00a0\u00a7 189 odst. 1 z\u00e1kona \u010d. 262\/2006 Sb., z\u00e1kon\u00edk pr\u00e1ce:<\/div>\n<\/div>\n<\/div>\n<div class=\"right\"><\/div>\n<\/div>\n<div class=\"wrapper\">\n<div class=\"fragment-wrapper nt-styl-2000  virtualni-fragment-wrapper\" data-fragment-id=\"f930764\">\n<div class=\"fragment-container \">\n<div class=\"left level-1    type-virtual-norma \"><\/div>\n<\/div>\n<\/div>\n<\/div>\n<div class=\"wrapper\">\n<div class=\"fragment-wrapper nt-styl-03  \" data-fragment-id=\"f930766\">\n<div class=\"fragment-container \">\n<div class=\"oznaceni-fragmentu \">\u00a7 1<\/div>\n<div class=\"left level-2    type-paragraf \"><\/div>\n<\/div>\n<\/div>\n<\/div>\n<div class=\"wrapper\">\n<div class=\"fragment-wrapper nt-styl-12-paragraf-nadpis-pod-po  \" data-fragment-id=\"f930982\">\n<div class=\"fragment-container \">\n<div class=\"left level-3    type-nadpis-pod \">Sazba z\u00e1kladn\u00ed n\u00e1hrady za pou\u017e\u00edv\u00e1n\u00ed silni\u010dn\u00edch motorov\u00fdch vozidel<\/div>\n<\/div>\n<\/div>\n<\/div>\n<div class=\"wrapper\">\n<div class=\"fragment-wrapper nt-styl-16-styl-16  \" data-fragment-id=\"f1114944\">\n<div class=\"fragment-container \">\n<div class=\"left level-3    type-odstavec-dc \">Sazba z\u00e1kladn\u00ed n\u00e1hrady za 1 km j\u00edzdy podle\u00a0\u00a7 157 odst. 4 z\u00e1kon\u00edku pr\u00e1ce\u00a0\u010din\u00ed<\/div>\n<\/div>\n<\/div>\n<div class=\"right\"><\/div>\n<\/div>\n<div class=\"wrapper\">\n<div class=\"fragment-wrapper nt-styl-16-styl-17-styl-17  \" data-fragment-id=\"f1114946\">\n<div class=\"fragment-container \">\n<div class=\"oznaceni-fragmentu \">a)<\/div>\n<div class=\"left level-4    type-pismeno-lb \">u jednostop\u00fdch vozidel a t\u0159\u00edkolek 1,60 K\u010d,<\/div>\n<\/div>\n<\/div>\n<\/div>\n<div class=\"wrapper\">\n<div class=\"fragment-wrapper nt-styl-16-styl-17-styl-17  \" data-fragment-id=\"f1114950\">\n<div class=\"fragment-container \">\n<div class=\"oznaceni-fragmentu \">b)<\/div>\n<div class=\"left level-4    type-pismeno-lb \">u osobn\u00edch silni\u010dn\u00edch motorov\u00fdch vozidel 5,90 K\u010d.<\/div>\n<\/div>\n<\/div>\n<\/div>\n<div class=\"wrapper\">\n<div class=\"fragment-wrapper nt-styl-14  \" data-fragment-id=\"f931050\">\n<div class=\"fragment-container \">\n<div class=\"left level-2    type-nadpis-nad \">Stravn\u00e9<\/div>\n<\/div>\n<\/div>\n<\/div>\n<div class=\"wrapper\">\n<div class=\"fragment-wrapper nt-styl-03-nadpis-nad-paragraf-po  \" data-fragment-id=\"f931046\">\n<div class=\"fragment-container \">\n<div class=\"oznaceni-fragmentu \">\u00a7 2<\/div>\n<div class=\"left level-2    type-paragraf \"><\/div>\n<\/div>\n<\/div>\n<\/div>\n<div class=\"wrapper\">\n<div class=\"fragment-wrapper nt-styl-16-styl-16  \" data-fragment-id=\"f931048\">\n<div class=\"fragment-container \">\n<div class=\"left level-3    type-odstavec-dc \">V\u00fd\u0161e stravn\u00e9ho podle\u00a0\u00a7 163 odst. 1 z\u00e1kon\u00edku pr\u00e1ce\u00a0za ka\u017ed\u00fd kalend\u00e1\u0159n\u00ed den pracovn\u00ed cesty \u010din\u00ed nejm\u00e9n\u011b<\/div>\n<\/div>\n<\/div>\n<div class=\"right\"><\/div>\n<\/div>\n<div class=\"wrapper\">\n<div class=\"fragment-wrapper nt-styl-16-styl-17-styl-17  \" data-fragment-id=\"f931202\">\n<div class=\"fragment-container \">\n<div class=\"oznaceni-fragmentu \">a)<\/div>\n<div class=\"left level-4    type-pismeno-lb \">155 K\u010d, trv\u00e1-li pracovn\u00ed cesta 5 a\u017e 12 hodin,<\/div>\n<\/div>\n<\/div>\n<\/div>\n<div class=\"wrapper\">\n<div class=\"fragment-wrapper nt-styl-16-styl-17-styl-17  \" data-fragment-id=\"f1100438\">\n<div class=\"fragment-container \">\n<div class=\"oznaceni-fragmentu \">b)<\/div>\n<div class=\"left level-4    type-pismeno-lb \">236 K\u010d, trv\u00e1-li pracovn\u00ed cesta d\u00e9le ne\u017e 12 hodin, nejd\u00e9le v\u0161ak 18 hodin,<\/div>\n<\/div>\n<\/div>\n<\/div>\n<div class=\"wrapper\">\n<div class=\"fragment-wrapper nt-styl-16-styl-17-styl-17  \" data-fragment-id=\"f1100440\">\n<div class=\"fragment-container \">\n<div class=\"oznaceni-fragmentu \">c)<\/div>\n<div class=\"left level-4    type-pismeno-lb \">370 K\u010d, trv\u00e1-li pracovn\u00ed cesta d\u00e9le ne\u017e 18 hodin.<\/div>\n<\/div>\n<\/div>\n<\/div>\n<div class=\"wrapper\">\n<div class=\"fragment-wrapper nt-styl-03  \" data-fragment-id=\"f931052\">\n<div class=\"fragment-container \">\n<div class=\"oznaceni-fragmentu \">\u00a7 3<\/div>\n<div class=\"left level-2    type-paragraf \"><\/div>\n<\/div>\n<\/div>\n<\/div>\n<div class=\"wrapper\">\n<div class=\"fragment-wrapper nt-styl-16-styl-16  \" data-fragment-id=\"f931054\">\n<div class=\"fragment-container \">\n<div class=\"left level-3    type-odstavec-dc \">V\u00fd\u0161e stravn\u00e9ho podle\u00a0\u00a7 176 odst. 1 z\u00e1kon\u00edku pr\u00e1ce\u00a0za ka\u017ed\u00fd kalend\u00e1\u0159n\u00ed den pracovn\u00ed cesty \u010din\u00ed<\/div>\n<\/div>\n<\/div>\n<div class=\"right\"><\/div>\n<\/div>\n<div class=\"wrapper\">\n<div class=\"fragment-wrapper nt-styl-16-styl-17-styl-17  \" data-fragment-id=\"f1100442\">\n<div class=\"fragment-container \">\n<div class=\"oznaceni-fragmentu \">a)<\/div>\n<div class=\"left level-4    type-pismeno-lb \">155 K\u010d a\u017e 185 K\u010d, trv\u00e1-li pracovn\u00ed cesta 5 a\u017e 12 hodin,<\/div>\n<\/div>\n<\/div>\n<\/div>\n<div class=\"wrapper\">\n<div class=\"fragment-wrapper nt-styl-16-styl-17-styl-17  \" data-fragment-id=\"f1100444\">\n<div class=\"fragment-container \">\n<div class=\"oznaceni-fragmentu \">b)<\/div>\n<div class=\"left level-4    type-pismeno-lb \">236 K\u010d a\u017e 284 K\u010d, trv\u00e1-li pracovn\u00ed cesta d\u00e9le ne\u017e 12 hodin, nejd\u00e9le v\u0161ak 18 hodin,<\/div>\n<\/div>\n<\/div>\n<\/div>\n<div class=\"wrapper\">\n<div class=\"fragment-wrapper nt-styl-16-styl-17-styl-17  \" data-fragment-id=\"f1100452\">\n<div class=\"fragment-container \">\n<div class=\"oznaceni-fragmentu \">c)<\/div>\n<div class=\"left level-4    type-pismeno-lb \">370 K\u010d a\u017e 442 K\u010d, trv\u00e1-li pracovn\u00ed cesta d\u00e9le ne\u017e 18 hodin.<\/div>\n<\/div>\n<\/div>\n<\/div>\n<div class=\"wrapper\">\n<div class=\"fragment-wrapper nt-styl-03  \" data-fragment-id=\"f931056\">\n<div class=\"fragment-container \">\n<div class=\"oznaceni-fragmentu \">\u00a7 4<\/div>\n<div class=\"left level-2    type-paragraf \"><\/div>\n<\/div>\n<\/div>\n<\/div>\n<div class=\"wrapper\">\n<div class=\"fragment-wrapper nt-styl-12-paragraf-nadpis-pod-po  \" data-fragment-id=\"f931060\">\n<div class=\"fragment-container \">\n<div class=\"left level-3    type-nadpis-pod \">Pr\u016fm\u011brn\u00e1 cena pohonn\u00fdch hmot<\/div>\n<\/div>\n<\/div>\n<\/div>\n<div class=\"wrapper\">\n<div class=\"fragment-wrapper nt-styl-16-styl-16  \" data-fragment-id=\"f931058\">\n<div class=\"fragment-container \">\n<div class=\"left level-3    type-odstavec-dc \">V\u00fd\u0161e pr\u016fm\u011brn\u00e9 ceny pohonn\u00e9 hmoty podle\u00a0\u00a7 158 odst. 3 v\u011bty t\u0159et\u00ed z\u00e1kon\u00edku pr\u00e1ce\u00a0\u010din\u00ed<\/div>\n<\/div>\n<\/div>\n<div class=\"right\"><\/div>\n<\/div>\n<div class=\"wrapper\">\n<div class=\"fragment-wrapper nt-styl-16-styl-17-styl-17  \" data-fragment-id=\"f1100454\">\n<div class=\"fragment-container \">\n<div class=\"oznaceni-fragmentu \">a)<\/div>\n<div class=\"left level-4    type-pismeno-lb \">34,70 K\u010d za 1 litr benzinu automobilov\u00e9ho 95 oktan\u016f,<\/div>\n<\/div>\n<\/div>\n<\/div>\n<div class=\"wrapper\">\n<div class=\"fragment-wrapper nt-styl-16-styl-17-styl-17  \" data-fragment-id=\"f1100456\">\n<div class=\"fragment-container \">\n<div class=\"oznaceni-fragmentu \">b)<\/div>\n<div class=\"left level-4    type-pismeno-lb \">39 K\u010d za 1 litr benzinu automobilov\u00e9ho 98 oktan\u016f,<\/div>\n<\/div>\n<\/div>\n<\/div>\n<div class=\"wrapper\">\n<div class=\"fragment-wrapper nt-styl-16-styl-17-styl-17  \" data-fragment-id=\"f1100458\">\n<div class=\"fragment-container \">\n<div class=\"oznaceni-fragmentu \">c)<\/div>\n<div class=\"left level-4    type-pismeno-lb \">34,10 K\u010d za 1 litr motorov\u00e9 nafty,<\/div>\n<\/div>\n<\/div>\n<\/div>\n<div class=\"wrapper\">\n<div class=\"fragment-wrapper nt-styl-16-styl-17-styl-17  \" data-fragment-id=\"f931212\">\n<div class=\"fragment-container \">\n<div class=\"oznaceni-fragmentu \">d)<\/div>\n<div class=\"left level-4    type-pismeno-lb \">7,20 K\u010d za 1 kilowatthodinu elekt\u0159iny.<\/div>\n<\/div>\n<\/div>\n<\/div>\n<div class=\"wrapper\">\n<div class=\"fragment-wrapper nt-styl-03  \" data-fragment-id=\"f1124076\">\n<div class=\"fragment-container \">\n<div class=\"oznaceni-fragmentu \">\u00a7 5<\/div>\n<div class=\"left level-2    type-paragraf \"><\/div>\n<\/div>\n<\/div>\n<\/div>\n<div class=\"wrapper\">\n<div class=\"fragment-wrapper nt-styl-12-paragraf-nadpis-pod-po  \" data-fragment-id=\"f1124078\">\n<div class=\"fragment-container \">\n<div class=\"left level-3    type-nadpis-pod \">Zru\u0161ovac\u00ed ustanoven\u00ed<\/div>\n<\/div>\n<\/div>\n<\/div>\n<div class=\"wrapper\">\n<div class=\"fragment-wrapper nt-styl-2000  \" data-fragment-id=\"f1124080\">\n<div class=\"fragment-container \">\n<div class=\"left level-3    type-block-zrusovaci-ustanoveni \"><\/div>\n<\/div>\n<\/div>\n<\/div>\n<div class=\"wrapper\">\n<div class=\"fragment-wrapper nt-styl-16-styl-16  \" data-fragment-id=\"f1124084\">\n<div class=\"fragment-container \">\n<div class=\"left level-4    type-odstavec-dc \">Vyhl\u00e1\u0161ka \u010d. 475\/2024 Sb., o zm\u011bn\u011b sazby z\u00e1kladn\u00ed n\u00e1hrady za pou\u017e\u00edv\u00e1n\u00ed silni\u010dn\u00edch motorov\u00fdch vozidel a stravn\u00e9ho a o stanoven\u00ed pr\u016fm\u011brn\u00e9 ceny pohonn\u00fdch hmot pro \u00fa\u010dely poskytov\u00e1n\u00ed cestovn\u00edch n\u00e1hrad pro rok 2025, se zru\u0161uje.<\/div>\n<\/div>\n<\/div>\n<\/div>\n<div class=\"wrapper\">\n<div class=\"fragment-wrapper nt-styl-03  \" data-fragment-id=\"f1124082\">\n<div class=\"fragment-container \">\n<div class=\"oznaceni-fragmentu \">\u00a7 6<\/div>\n<div class=\"left level-2    type-paragraf \"><\/div>\n<\/div>\n<\/div>\n<\/div>\n<div class=\"wrapper\">\n<div class=\"fragment-wrapper nt-styl-12-paragraf-nadpis-pod-po  \" data-fragment-id=\"f931196\">\n<div class=\"fragment-container \">\n<div class=\"left level-3    type-nadpis-pod \">\u00da\u010dinnost<\/div>\n<\/div>\n<\/div>\n<\/div>\n<div class=\"wrapper\">\n<div class=\"fragment-wrapper nt-styl-2000  \" data-fragment-id=\"f931198\">\n<div class=\"fragment-container \">\n<div class=\"left level-3    type-block-ucinnostni-ustanoveni \"><\/div>\n<\/div>\n<\/div>\n<\/div>\n<div class=\"wrapper\">\n<div class=\"fragment-wrapper nt-styl-16-styl-16  \" data-fragment-id=\"f931200\">\n<div class=\"fragment-container \">\n<div class=\"left level-4    type-odstavec-dc \">Tato vyhl\u00e1\u0161ka nab\u00fdv\u00e1 \u00fa\u010dinnosti dnem 1. ledna 2026.<\/div>\n<\/div>\n<\/div>\n<\/div>\n<div class=\"wrapper\">\n<div class=\"fragment-wrapper nt-styl-2000  virtualni-fragment-wrapper\" data-fragment-id=\"f930776\">\n<div class=\"fragment-container \">\n<div class=\"left level-1    type-virtual-postfix \"><\/div>\n<\/div>\n<\/div>\n<\/div>\n<div class=\"wrapper\">\n<div class=\"fragment-wrapper nt-styl-24-04  \" data-fragment-id=\"f1124050\">\n<div class=\"fragment-container \">\n<div class=\"left level-2    type-postfix-head \">Ministr:<\/div>\n<\/div>\n<\/div>\n<\/div>\n<div class=\"wrapper\">\n<div class=\"fragment-wrapper nt-styl-24-03  \" data-fragment-id=\"f1124010\">\n<div class=\"fragment-container \">\n<div class=\"left level-2    type-postfix \">Ing. Juchelka v. r.<\/div>\n<\/div>\n<\/div>\n<\/div>\n","protected":false},"excerpt":{"rendered":"<p>573 VYHL\u00c1\u0160KA ze dne 18.\u00a0prosince 2025 O ZM\u011aN\u011a SAZBY Z\u00c1KLADN\u00cd N\u00c1HRADY ZA POU\u017d\u00cdV\u00c1N\u00cd SILNI\u010cN\u00cdCH MOTOROV\u00ddCH VOZIDEL A STRAVN\u00c9HO A O STANOVEN\u00cd PR\u016eM\u011aRN\u00c9 CENY POHONN\u00ddCH HMOT PRO \u00da\u010cELY POSKYTOV\u00c1N\u00cd CESTOVN\u00cdCH N\u00c1HRAD PRO ROK 2026 Ministerstvo pr\u00e1ce a soci\u00e1ln\u00edch v\u011bc\u00ed stanov\u00ed podle\u00a0\u00a7 &hellip; <a href=\"http:\/\/lmcharon.cz\/?page_id=743\">Cel\u00fd p\u0159\u00edsp\u011bvek <span class=\"meta-nav\">&rarr;<\/span><\/a><\/p>\n","protected":false},"author":1,"featured_media":0,"parent":125,"menu_order":1,"comment_status":"closed","ping_status":"closed","template":"","meta":{"footnotes":""},"class_list":["post-743","page","type-page","status-publish","hentry"],"_links":{"self":[{"href":"http:\/\/lmcharon.cz\/index.php?rest_route=\/wp\/v2\/pages\/743","targetHints":{"allow":["GET"]}}],"collection":[{"href":"http:\/\/lmcharon.cz\/index.php?rest_route=\/wp\/v2\/pages"}],"about":[{"href":"http:\/\/lmcharon.cz\/index.php?rest_route=\/wp\/v2\/types\/page"}],"author":[{"embeddable":true,"href":"http:\/\/lmcharon.cz\/index.php?rest_route=\/wp\/v2\/users\/1"}],"replies":[{"embeddable":true,"href":"http:\/\/lmcharon.cz\/index.php?rest_route=%2Fwp%2Fv2%2Fcomments&post=743"}],"version-history":[{"count":10,"href":"http:\/\/lmcharon.cz\/index.php?rest_route=\/wp\/v2\/pages\/743\/revisions"}],"predecessor-version":[{"id":1344,"href":"http:\/\/lmcharon.cz\/index.php?rest_route=\/wp\/v2\/pages\/743\/revisions\/1344"}],"up":[{"embeddable":true,"href":"http:\/\/lmcharon.cz\/index.php?rest_route=\/wp\/v2\/pages\/125"}],"wp:attachment":[{"href":"http:\/\/lmcharon.cz\/index.php?rest_route=%2Fwp%2Fv2%2Fmedia&parent=743"}],"curies":[{"name":"wp","href":"https:\/\/api.w.org\/{rel}","templated":true}]}}