{"id":768,"date":"2015-01-04T06:17:16","date_gmt":"2015-01-04T05:17:16","guid":{"rendered":"http:\/\/lmcharon.cz\/?page_id=768"},"modified":"2024-11-29T13:50:17","modified_gmt":"2024-11-29T12:50:17","slug":"sp-a-zp-2015","status":"publish","type":"page","link":"http:\/\/lmcharon.cz\/?page_id=768","title":{"rendered":"SP a ZP 2025"},"content":{"rendered":"<div>\n<h2>Minim\u00e1ln\u00ed z\u00e1lohy OSV\u010c v roce 2025<\/h2>\n<h3>Soci\u00e1ln\u00ed poji\u0161t\u011bn\u00ed<\/h3>\n<ul>\n<li>OSV\u010c vykon\u00e1vaj\u00edc\u00ed \u010dinnost jako hlavn\u00ed:\u00a0<b>4 759 K\u010d.<\/b><\/li>\n<li>OSV\u010c vykon\u00e1vaj\u00edc\u00ed \u010dinnost jako vedlej\u0161\u00ed:\u00a0<b>1 496 K\u010d<\/b>.<\/li>\n<\/ul>\n<\/div>\n<div><\/div>\n<div>\n<h3>Zdravotn\u00ed poji\u0161t\u011bn\u00ed<\/h3>\n<p>&nbsp;<\/p>\n<ul>\n<li>OSV\u010c vykon\u00e1vaj\u00edc\u00ed \u010dinnost jako\u00a0<b>hlavn\u00ed<\/b>:\u00a0<b>3 143 K\u010d.<\/b><\/li>\n<li>OSV\u010c vykon\u00e1vaj\u00edc\u00ed \u010dinnost jako vedlej\u0161\u00ed:\u00a0<b>neplat\u00ed se<\/b>.<\/li>\n<\/ul>\n<\/div>\n<div><\/div>\n<div>\n<h3>Nemocensk\u00e9 poji\u0161t\u011bn\u00ed<\/h3>\n<\/div>\n<div>\n<p>Minim\u00e1ln\u00ed pojistn\u00e9 pro rok 2025 je\u00a0<b>243 K\u010d<\/b>.<\/p>\n<\/div>\n","protected":false},"excerpt":{"rendered":"<p>Minim\u00e1ln\u00ed z\u00e1lohy OSV\u010c v roce 2025 Soci\u00e1ln\u00ed poji\u0161t\u011bn\u00ed OSV\u010c vykon\u00e1vaj\u00edc\u00ed \u010dinnost jako hlavn\u00ed:\u00a04 759 K\u010d. OSV\u010c vykon\u00e1vaj\u00edc\u00ed \u010dinnost jako vedlej\u0161\u00ed:\u00a01 496 K\u010d. Zdravotn\u00ed poji\u0161t\u011bn\u00ed &nbsp; OSV\u010c vykon\u00e1vaj\u00edc\u00ed \u010dinnost jako\u00a0hlavn\u00ed:\u00a03 143 K\u010d. OSV\u010c vykon\u00e1vaj\u00edc\u00ed \u010dinnost jako vedlej\u0161\u00ed:\u00a0neplat\u00ed se. Nemocensk\u00e9 poji\u0161t\u011bn\u00ed Minim\u00e1ln\u00ed &hellip; <a href=\"http:\/\/lmcharon.cz\/?page_id=768\">Cel\u00fd p\u0159\u00edsp\u011bvek <span class=\"meta-nav\">&rarr;<\/span><\/a><\/p>\n","protected":false},"author":1,"featured_media":0,"parent":69,"menu_order":17,"comment_status":"closed","ping_status":"closed","template":"","meta":{"footnotes":""},"class_list":["post-768","page","type-page","status-publish","hentry"],"_links":{"self":[{"href":"http:\/\/lmcharon.cz\/index.php?rest_route=\/wp\/v2\/pages\/768","targetHints":{"allow":["GET"]}}],"collection":[{"href":"http:\/\/lmcharon.cz\/index.php?rest_route=\/wp\/v2\/pages"}],"about":[{"href":"http:\/\/lmcharon.cz\/index.php?rest_route=\/wp\/v2\/types\/page"}],"author":[{"embeddable":true,"href":"http:\/\/lmcharon.cz\/index.php?rest_route=\/wp\/v2\/users\/1"}],"replies":[{"embeddable":true,"href":"http:\/\/lmcharon.cz\/index.php?rest_route=%2Fwp%2Fv2%2Fcomments&post=768"}],"version-history":[{"count":7,"href":"http:\/\/lmcharon.cz\/index.php?rest_route=\/wp\/v2\/pages\/768\/revisions"}],"predecessor-version":[{"id":1287,"href":"http:\/\/lmcharon.cz\/index.php?rest_route=\/wp\/v2\/pages\/768\/revisions\/1287"}],"up":[{"embeddable":true,"href":"http:\/\/lmcharon.cz\/index.php?rest_route=\/wp\/v2\/pages\/69"}],"wp:attachment":[{"href":"http:\/\/lmcharon.cz\/index.php?rest_route=%2Fwp%2Fv2%2Fmedia&parent=768"}],"curies":[{"name":"wp","href":"https:\/\/api.w.org\/{rel}","templated":true}]}}