{"id":1168,"date":"2021-12-26T16:12:45","date_gmt":"2021-12-26T15:12:45","guid":{"rendered":"http:\/\/lmcharon.cz\/?page_id=1168"},"modified":"2025-07-29T07:15:10","modified_gmt":"2025-07-29T06:15:10","slug":"2022-tiskopisy","status":"publish","type":"page","link":"https:\/\/lmcharon.cz\/?page_id=1168","title":{"rendered":"2022 &#8211; tiskopisy"},"content":{"rendered":"<p><a href=\"http:\/\/lmcharon.cz\/wp-content\/uploads\/2021\/12\/Inventura.zip\" target=\"_blank\" rel=\"noopener\">Inventura<\/a><\/p>\n<p><a href=\"http:\/\/lmcharon.cz\/wp-content\/uploads\/2021\/12\/Cestak_strava_2022.zip\" target=\"_blank\" rel=\"noopener\">Cestovn\u00ed n\u00e1hrady &#8211; stravn\u00e9<\/a><\/p>\n<p><a href=\"http:\/\/lmcharon.cz\/wp-content\/uploads\/2021\/12\/Soukromy_vuz_2022.zip\" target=\"_blank\" rel=\"noopener\">Cestovn\u00ed n\u00e1hrady &#8211; pou\u017eit\u00ed vl. vozu<\/a><\/p>\n<p><a href=\"http:\/\/lmcharon.cz\/wp-content\/uploads\/2021\/12\/Firemni_vuz_2022.zip\" target=\"_blank\" rel=\"noopener\">Firemn\u00ed v\u016fz<\/a><\/p>\n<p><a href=\"http:\/\/lmcharon.cz\/wp-content\/uploads\/2021\/12\/Kniha_trzeb_2022_neplatce.zip\" target=\"_blank\" rel=\"noopener\">Tr\u017eby &#8211; nepl\u00e1tce DPH<\/a><\/p>\n<p><a href=\"http:\/\/lmcharon.cz\/wp-content\/uploads\/2021\/12\/Trzby-2022-pro-platce-DPH.zip\" target=\"_blank\" rel=\"noopener\">Tr\u017eby &#8211; pl\u00e1tce DPH<\/a><\/p>\n<p><a href=\"http:\/\/lmcharon.cz\/wp-content\/uploads\/2022\/01\/Pichacky_2022.zip\" target=\"_blank\" rel=\"noopener\">P\u00edcha\u010dky &#8211; evidence doch\u00e1zky<\/a><\/p>\n<p>&nbsp;<\/p>\n","protected":false},"excerpt":{"rendered":"<p>Inventura Cestovn\u00ed n\u00e1hrady &#8211; stravn\u00e9 Cestovn\u00ed n\u00e1hrady &#8211; pou\u017eit\u00ed vl. vozu Firemn\u00ed v\u016fz Tr\u017eby &#8211; nepl\u00e1tce DPH Tr\u017eby &#8211; pl\u00e1tce DPH P\u00edcha\u010dky &#8211; evidence doch\u00e1zky &nbsp;<\/p>\n","protected":false},"author":1,"featured_media":0,"parent":23,"menu_order":5,"comment_status":"closed","ping_status":"closed","template":"","meta":{"footnotes":""},"class_list":["post-1168","page","type-page","status-publish","hentry"],"_links":{"self":[{"href":"https:\/\/lmcharon.cz\/index.php?rest_route=\/wp\/v2\/pages\/1168","targetHints":{"allow":["GET"]}}],"collection":[{"href":"https:\/\/lmcharon.cz\/index.php?rest_route=\/wp\/v2\/pages"}],"about":[{"href":"https:\/\/lmcharon.cz\/index.php?rest_route=\/wp\/v2\/types\/page"}],"author":[{"embeddable":true,"href":"https:\/\/lmcharon.cz\/index.php?rest_route=\/wp\/v2\/users\/1"}],"replies":[{"embeddable":true,"href":"https:\/\/lmcharon.cz\/index.php?rest_route=%2Fwp%2Fv2%2Fcomments&post=1168"}],"version-history":[{"count":8,"href":"https:\/\/lmcharon.cz\/index.php?rest_route=\/wp\/v2\/pages\/1168\/revisions"}],"predecessor-version":[{"id":1326,"href":"https:\/\/lmcharon.cz\/index.php?rest_route=\/wp\/v2\/pages\/1168\/revisions\/1326"}],"up":[{"embeddable":true,"href":"https:\/\/lmcharon.cz\/index.php?rest_route=\/wp\/v2\/pages\/23"}],"wp:attachment":[{"href":"https:\/\/lmcharon.cz\/index.php?rest_route=%2Fwp%2Fv2%2Fmedia&parent=1168"}],"curies":[{"name":"wp","href":"https:\/\/api.w.org\/{rel}","templated":true}]}}