{"id":5,"date":"2011-06-21T14:20:15","date_gmt":"2011-06-21T14:20:15","guid":{"rendered":"http:\/\/www.lmcharon.cz\/?page_id=5"},"modified":"2023-11-23T12:57:14","modified_gmt":"2023-11-23T11:57:14","slug":"kontakt","status":"publish","type":"page","link":"https:\/\/lmcharon.cz\/?page_id=5","title":{"rendered":"kancel\u00e1\u0159"},"content":{"rendered":"<p><strong>\u00a0\u00a0 \u00a0 \u00a0<span style=\"color: #ff0000;\">Pro navigaci :\u00a049.608532, \u00a015.576737<\/span><\/strong><\/p>\n<p><strong>Beckovsk\u00e9ho 1882<\/strong><\/p>\n<p><strong>580 01 Havl\u00ed\u010dk\u016fv Brod<\/strong><\/p>\n<p><em><span style=\"font-size: large;\">\u00a0\u00a0<\/span><\/em><\/p>\n<p><span style=\"color: #0000cc; font-size: large;\">\u00a0\u00a0<\/span><a style=\"font-size: large;\" href=\"http:\/\/www.lmcharon.eu\/wp-content\/uploads\/2011\/06\/IMAG0030.jpg\"><img loading=\"lazy\" decoding=\"async\" class=\"alignnone size-medium wp-image-65\" title=\"IMAG0030\" src=\"http:\/\/www.lmcharon.eu\/wp-content\/uploads\/2011\/06\/IMAG0030-300x179.jpg\" alt=\"\" width=\"300\" height=\"179\" \/><\/a><\/p>\n<p><span style=\"font-size: large; color: #0000cc;\">\u00a0 <a href=\"http:\/\/lmcharon.cz\/wp-content\/uploads\/2023\/11\/Mapa.jpg\"><img loading=\"lazy\" decoding=\"async\" class=\"alignnone size-medium wp-image-1220\" src=\"http:\/\/lmcharon.cz\/wp-content\/uploads\/2023\/11\/Mapa-300x275.jpg\" alt=\"\" width=\"300\" height=\"275\" srcset=\"https:\/\/lmcharon.cz\/wp-content\/uploads\/2023\/11\/Mapa-300x275.jpg 300w, https:\/\/lmcharon.cz\/wp-content\/uploads\/2023\/11\/Mapa-768x704.jpg 768w, https:\/\/lmcharon.cz\/wp-content\/uploads\/2023\/11\/Mapa.jpg 792w\" sizes=\"auto, (max-width: 300px) 100vw, 300px\" \/><\/a><\/span><\/p>\n<p><em><span style=\"font-size: large; color: #800000;\">\u00a0\u00a0<\/span><\/em><\/p>\n<div style=\"text-align: left;\"><\/div>\n","protected":false},"excerpt":{"rendered":"<p>\u00a0\u00a0 \u00a0 \u00a0Pro navigaci :\u00a049.608532, \u00a015.576737 Beckovsk\u00e9ho 1882 580 01 Havl\u00ed\u010dk\u016fv Brod \u00a0\u00a0 \u00a0\u00a0 \u00a0 \u00a0\u00a0<\/p>\n","protected":false},"author":1,"featured_media":0,"parent":103,"menu_order":1,"comment_status":"open","ping_status":"open","template":"","meta":{"footnotes":""},"class_list":["post-5","page","type-page","status-publish","hentry"],"_links":{"self":[{"href":"https:\/\/lmcharon.cz\/index.php?rest_route=\/wp\/v2\/pages\/5","targetHints":{"allow":["GET"]}}],"collection":[{"href":"https:\/\/lmcharon.cz\/index.php?rest_route=\/wp\/v2\/pages"}],"about":[{"href":"https:\/\/lmcharon.cz\/index.php?rest_route=\/wp\/v2\/types\/page"}],"author":[{"embeddable":true,"href":"https:\/\/lmcharon.cz\/index.php?rest_route=\/wp\/v2\/users\/1"}],"replies":[{"embeddable":true,"href":"https:\/\/lmcharon.cz\/index.php?rest_route=%2Fwp%2Fv2%2Fcomments&post=5"}],"version-history":[{"count":2,"href":"https:\/\/lmcharon.cz\/index.php?rest_route=\/wp\/v2\/pages\/5\/revisions"}],"predecessor-version":[{"id":1225,"href":"https:\/\/lmcharon.cz\/index.php?rest_route=\/wp\/v2\/pages\/5\/revisions\/1225"}],"up":[{"embeddable":true,"href":"https:\/\/lmcharon.cz\/index.php?rest_route=\/wp\/v2\/pages\/103"}],"wp:attachment":[{"href":"https:\/\/lmcharon.cz\/index.php?rest_route=%2Fwp%2Fv2%2Fmedia&parent=5"}],"curies":[{"name":"wp","href":"https:\/\/api.w.org\/{rel}","templated":true}]}}