{"id":50,"date":"2011-06-21T18:21:54","date_gmt":"2011-06-21T18:21:54","guid":{"rendered":"http:\/\/www.lmcharon.cz\/?page_id=50"},"modified":"2019-01-01T15:10:47","modified_gmt":"2019-01-01T14:10:47","slug":"zamestnanec","status":"publish","type":"page","link":"https:\/\/lmcharon.cz\/?page_id=50","title":{"rendered":"Zam\u011bstnanec"},"content":{"rendered":"<p><span style=\"font-size: large; color: #000080; font-family: Tahoma;\">N\u00e1stup nov\u00e9ho zam\u011bstnance !!!!<\/span><\/p>\n<p><span style=\"font-size: medium; color: #800000; font-family: Tahoma;\">My pot\u0159ebujeme pro zad\u00e1n\u00ed do po\u010d\u00edta\u010de m\u00edt jeho z\u00e1kladn\u00ed \u00fadaje.<\/span><\/p>\n<p><span style=\"font-size: medium; color: #800000; font-family: Tahoma;\">stahuj <a href=\"http:\/\/lmcharon.cz\/wp-content\/uploads\/2018\/02\/ZaklUdajeZam_2018.zip\">zde<\/a> &#8211; vyplnit a dodat<\/span><\/p>\n<p><span style=\"font-size: medium; color: #000080; font-family: Tahoma;\">My vyhotov\u00edme pracovn\u00ed smlouvu.<\/span><\/p>\n<p><span style=\"font-size: medium; color: #000080; font-family: Tahoma;\">K tomu mus\u00ed zam\u011bstnanec b\u00fdt sezn\u00e1men s pracovn\u00edm \u0159\u00e1dem &#8211; <a title=\"Pracovn\u00ed \u0159\u00e1d\" href=\"http:\/\/lmcharon.cz\/wp-content\/uploads\/2014\/05\/PracovniRad.zip\" target=\"_blank\" rel=\"noopener\">zde<\/a> &#8211; <\/span><span style=\"font-size: medium; color: #ff0000; font-family: Tahoma;\">nechat podepsat !!<\/span><\/p>\n<p><span style=\"font-size: medium; color: #6600cc; font-family: Tahoma;\">Zam\u011bstnanec mus\u00ed m\u00edt plat dle z\u00e1kona &#8211; viz str\u00e1nka <a href=\"http:\/\/lmcharon.cz\/?page_id=818\">mzda<\/a><\/span><\/p>\n<p>Zam\u011bstnanec podep\u00ed\u0161e nebo nepodep\u00ed\u0161e prohl\u00e1\u0161en\u00ed &#8211; viz str\u00e1nka <a href=\"http:\/\/lmcharon.cz\/wp-content\/uploads\/2019\/01\/5457_26.pdf\" target=\"_blank\" rel=\"noopener\">Prohl\u00e1\u0161en\u00ed zam\u011bstnance<\/a><\/p>\n<p>&nbsp;<\/p>\n","protected":false},"excerpt":{"rendered":"<p>N\u00e1stup nov\u00e9ho zam\u011bstnance !!!! My pot\u0159ebujeme pro zad\u00e1n\u00ed do po\u010d\u00edta\u010de m\u00edt jeho z\u00e1kladn\u00ed \u00fadaje. stahuj zde &#8211; vyplnit a dodat My vyhotov\u00edme pracovn\u00ed smlouvu. K tomu mus\u00ed zam\u011bstnanec b\u00fdt sezn\u00e1men s pracovn\u00edm \u0159\u00e1dem &#8211; zde &#8211; nechat podepsat !! Zam\u011bstnanec &hellip; <a href=\"https:\/\/lmcharon.cz\/?page_id=50\">Cel\u00fd p\u0159\u00edsp\u011bvek <span class=\"meta-nav\">&rarr;<\/span><\/a><\/p>\n","protected":false},"author":1,"featured_media":0,"parent":152,"menu_order":1,"comment_status":"closed","ping_status":"open","template":"","meta":{"footnotes":""},"class_list":["post-50","page","type-page","status-publish","hentry"],"_links":{"self":[{"href":"https:\/\/lmcharon.cz\/index.php?rest_route=\/wp\/v2\/pages\/50","targetHints":{"allow":["GET"]}}],"collection":[{"href":"https:\/\/lmcharon.cz\/index.php?rest_route=\/wp\/v2\/pages"}],"about":[{"href":"https:\/\/lmcharon.cz\/index.php?rest_route=\/wp\/v2\/types\/page"}],"author":[{"embeddable":true,"href":"https:\/\/lmcharon.cz\/index.php?rest_route=\/wp\/v2\/users\/1"}],"replies":[{"embeddable":true,"href":"https:\/\/lmcharon.cz\/index.php?rest_route=%2Fwp%2Fv2%2Fcomments&post=50"}],"version-history":[{"count":15,"href":"https:\/\/lmcharon.cz\/index.php?rest_route=\/wp\/v2\/pages\/50\/revisions"}],"predecessor-version":[{"id":1037,"href":"https:\/\/lmcharon.cz\/index.php?rest_route=\/wp\/v2\/pages\/50\/revisions\/1037"}],"up":[{"embeddable":true,"href":"https:\/\/lmcharon.cz\/index.php?rest_route=\/wp\/v2\/pages\/152"}],"wp:attachment":[{"href":"https:\/\/lmcharon.cz\/index.php?rest_route=%2Fwp%2Fv2%2Fmedia&parent=50"}],"curies":[{"name":"wp","href":"https:\/\/api.w.org\/{rel}","templated":true}]}}