{"id":58,"date":"2011-06-22T03:14:50","date_gmt":"2011-06-22T03:14:50","guid":{"rendered":"http:\/\/www.lmcharon.cz\/?page_id=58"},"modified":"2011-06-22T03:14:50","modified_gmt":"2011-06-22T03:14:50","slug":"sluzby","status":"publish","type":"page","link":"https:\/\/lmcharon.cz\/?page_id=58","title":{"rendered":"Slu\u017eby"},"content":{"rendered":"<p><strong><span style=\"font-size: large; color: #000080; font-family: Times New Roman;\">Zpracov\u00e1n\u00ed\u00a0a\u00a0veden\u00ed\u00a0podvojn\u00e9ho\u00a0\u00fa\u010detnictv\u00ed<br \/>\nZpracov\u00e1n\u00ed\u00a0a\u00a0veden\u00ed\u00a0da\u0148ov\u00e9\u00a0evidence<br \/>\nZpracov\u00e1n\u00ed\u00a0a\u00a0veden\u00ed\u00a0mezd\u00a0a\u00a0mzdov\u00e9\u00a0agendy<br \/>\nZpracov\u00e1n\u00ed\u00a0da\u0148ov\u00fdch\u00a0p\u0159izn\u00e1n\u00ed\u00a0<\/span><\/strong><\/p>\n<p><strong><span style=\"font-size: large; color: #008000; font-family: Times New Roman;\">Poradenstv\u00ed\u00a0spojen\u00e9\u00a0se\u00a0zalo\u017een\u00edm\u00a0<\/span><\/strong><strong><span style=\"font-size: large; color: #008000; font-family: Times New Roman;\">a\u00a0dal\u0161\u00ed\u00a0\u010dinnost\u00ed\u00a0firem,\u00a0OSV\u010c<\/span><\/strong><\/p>\n<p><strong><span style=\"font-size: large; color: #008000; font-family: Times New Roman;\">Tvorba\u00a0WEB\u00a0str\u00e1nek\u00a0a\u00a0jejich\u00a0um\u00edst\u011bn\u00ed\u00a0<\/span><\/strong><\/p>\n<p><strong><\/strong><strong><span style=\"font-size: large; color: #800000; font-family: Times New Roman;\">V\u00fduka\u00a0na\u00a0PC,\u00a0poradenstv\u00ed<\/span><\/strong><\/p>\n<p><strong><span style=\"font-size: large; color: #800000; font-family: Times New Roman;\">Zprost\u0159edkov\u00e1n\u00ed\u00a0obchodu\u00a0a\u00a0slu\u017eeb.<br \/>\nObchodn\u00ed\u00a0\u010dinnost<\/span><\/strong><\/p>\n","protected":false},"excerpt":{"rendered":"<p>Zpracov\u00e1n\u00ed\u00a0a\u00a0veden\u00ed\u00a0podvojn\u00e9ho\u00a0\u00fa\u010detnictv\u00ed Zpracov\u00e1n\u00ed\u00a0a\u00a0veden\u00ed\u00a0da\u0148ov\u00e9\u00a0evidence Zpracov\u00e1n\u00ed\u00a0a\u00a0veden\u00ed\u00a0mezd\u00a0a\u00a0mzdov\u00e9\u00a0agendy Zpracov\u00e1n\u00ed\u00a0da\u0148ov\u00fdch\u00a0p\u0159izn\u00e1n\u00ed\u00a0 Poradenstv\u00ed\u00a0spojen\u00e9\u00a0se\u00a0zalo\u017een\u00edm\u00a0a\u00a0dal\u0161\u00ed\u00a0\u010dinnost\u00ed\u00a0firem,\u00a0OSV\u010c Tvorba\u00a0WEB\u00a0str\u00e1nek\u00a0a\u00a0jejich\u00a0um\u00edst\u011bn\u00ed\u00a0 V\u00fduka\u00a0na\u00a0PC,\u00a0poradenstv\u00ed Zprost\u0159edkov\u00e1n\u00ed\u00a0obchodu\u00a0a\u00a0slu\u017eeb. Obchodn\u00ed\u00a0\u010dinnost<\/p>\n","protected":false},"author":1,"featured_media":0,"parent":0,"menu_order":9,"comment_status":"closed","ping_status":"open","template":"","meta":{"footnotes":""},"class_list":["post-58","page","type-page","status-publish","hentry"],"_links":{"self":[{"href":"https:\/\/lmcharon.cz\/index.php?rest_route=\/wp\/v2\/pages\/58","targetHints":{"allow":["GET"]}}],"collection":[{"href":"https:\/\/lmcharon.cz\/index.php?rest_route=\/wp\/v2\/pages"}],"about":[{"href":"https:\/\/lmcharon.cz\/index.php?rest_route=\/wp\/v2\/types\/page"}],"author":[{"embeddable":true,"href":"https:\/\/lmcharon.cz\/index.php?rest_route=\/wp\/v2\/users\/1"}],"replies":[{"embeddable":true,"href":"https:\/\/lmcharon.cz\/index.php?rest_route=%2Fwp%2Fv2%2Fcomments&post=58"}],"version-history":[{"count":0,"href":"https:\/\/lmcharon.cz\/index.php?rest_route=\/wp\/v2\/pages\/58\/revisions"}],"wp:attachment":[{"href":"https:\/\/lmcharon.cz\/index.php?rest_route=%2Fwp%2Fv2%2Fmedia&parent=58"}],"curies":[{"name":"wp","href":"https:\/\/api.w.org\/{rel}","templated":true}]}}