{"id":587,"date":"2014-01-30T14:33:25","date_gmt":"2014-01-30T14:33:25","guid":{"rendered":"http:\/\/www.lmcharon.cz\/?page_id=587"},"modified":"2015-11-07T14:47:20","modified_gmt":"2015-11-07T13:47:20","slug":"personalistika","status":"publish","type":"page","link":"https:\/\/lmcharon.cz\/?page_id=587","title":{"rendered":"Personalistika"},"content":{"rendered":"<p><em>Proto\u017ee se mno\u017e\u00ed dotazy na to co se m\u00e1 evidovat k zam\u011bstnanc\u016fm, navrhujeme uspo\u0159\u00e1d\u00e1n\u00ed takto :<\/em><\/p>\n<p><strong><span style=\"text-decoration: underline;\">Personalistika &#8211; co by bylo dobr\u00e9 m\u00edt u zam\u011bstnance :<\/span><\/strong><\/p>\n<p><strong><span style=\"color: #800080;\">1. Z\u00e1kladn\u00ed \u00fadaje zam\u011bstnance (n\u00e1\u0161 p\u0159edtisk)<\/span><\/strong><br \/>\n<strong><span style=\"color: #800080;\">2. Prohl\u00e1\u0161en\u00ed poplatn\u00edka dan\u011b z p\u0159\u00edjm\u016f fyzick\u00fdch osob ze z\u00e1visl\u00e9 \u010dinnosti.. (\u010derven\u00fd dvojlist)<\/span><\/strong><br \/>\n<strong><span style=\"color: #800080;\">3. Vstupn\u00ed l\u00e9ka\u0159sk\u00e1 prohl\u00eddka<\/span><\/strong><br \/>\n<strong><span style=\"color: #800080;\">4. Pracovn\u00ed smlouva (Dohoda o pracovn\u00ed \u010dinnosti, Dohoda o proveden\u00ed pr\u00e1ce&#8230;)<\/span><\/strong><br \/>\n<strong><span style=\"color: #800080;\">5. Pracovn\u00ed \u0159\u00e1d<\/span><\/strong><br \/>\n<strong><span style=\"color: #800080;\">6. \u0160kolen\u00ed bezpe\u010dnosti pr\u00e1ce<\/span><\/strong><\/p>\n<p>*************<\/p>\n<p><span style=\"text-decoration: underline;\"><em>D\u00e1le ve slo\u017ece evidovat m\u011bs\u00ed\u010dn\u011b :<\/em><\/span><\/p>\n<p><strong><span style=\"color: #0000ff;\">1. Evidence pracovn\u00ed doby (p\u00edcha\u010dky) &#8211; podpis zam\u011bstnance<\/span><\/strong><br \/>\n<strong><span style=\"color: #0000ff;\">2. V\u00fdplatnice mzdy &#8211; podpis zam\u011bstnance<\/span><\/strong><\/p>\n<p><span style=\"color: #008000;\">Toto minim\u00e1ln\u011b by m\u011bl m\u00edt zam\u011bstnavatel u sebe, jednotliv\u00e9 \u00fa\u0159ady toti\u017e cht\u011bj\u00ed ka\u017ed\u00fd n\u011bco jin\u00e9ho&#8230; v\u00fdborn\u00e1 v\u011bc je \u0161anon s personalistikou a v n\u011bm na ka\u017ed\u00e9ho zam\u011bstnance m\u00edt vedenou slo\u017eku (rychlovaza\u010d) &#8230;<\/span><\/p>\n<p><span style=\"color: #ff0000;\">Je to jen sd\u011blen\u00ed, upozorn\u011bn\u00ed&#8230; nemus\u00edte se t\u00edm \u0159\u00eddit&#8230; m\u016f\u017eete si personalistiku uspo\u0159\u00e1dat jin\u00fdm vhodn\u00fdm zp\u016fsobem&#8230;ale po\u0159\u00e1d je to \u010dasovan\u00e1 bomba&#8230;.<\/span><\/p>\n","protected":false},"excerpt":{"rendered":"<p>Proto\u017ee se mno\u017e\u00ed dotazy na to co se m\u00e1 evidovat k zam\u011bstnanc\u016fm, navrhujeme uspo\u0159\u00e1d\u00e1n\u00ed takto : Personalistika &#8211; co by bylo dobr\u00e9 m\u00edt u zam\u011bstnance : 1. Z\u00e1kladn\u00ed \u00fadaje zam\u011bstnance (n\u00e1\u0161 p\u0159edtisk) 2. Prohl\u00e1\u0161en\u00ed poplatn\u00edka dan\u011b z p\u0159\u00edjm\u016f fyzick\u00fdch osob &hellip; <a href=\"https:\/\/lmcharon.cz\/?page_id=587\">Cel\u00fd p\u0159\u00edsp\u011bvek <span class=\"meta-nav\">&rarr;<\/span><\/a><\/p>\n","protected":false},"author":1,"featured_media":0,"parent":152,"menu_order":3,"comment_status":"closed","ping_status":"open","template":"","meta":{"footnotes":""},"class_list":["post-587","page","type-page","status-publish","hentry"],"_links":{"self":[{"href":"https:\/\/lmcharon.cz\/index.php?rest_route=\/wp\/v2\/pages\/587","targetHints":{"allow":["GET"]}}],"collection":[{"href":"https:\/\/lmcharon.cz\/index.php?rest_route=\/wp\/v2\/pages"}],"about":[{"href":"https:\/\/lmcharon.cz\/index.php?rest_route=\/wp\/v2\/types\/page"}],"author":[{"embeddable":true,"href":"https:\/\/lmcharon.cz\/index.php?rest_route=\/wp\/v2\/users\/1"}],"replies":[{"embeddable":true,"href":"https:\/\/lmcharon.cz\/index.php?rest_route=%2Fwp%2Fv2%2Fcomments&post=587"}],"version-history":[{"count":2,"href":"https:\/\/lmcharon.cz\/index.php?rest_route=\/wp\/v2\/pages\/587\/revisions"}],"predecessor-version":[{"id":851,"href":"https:\/\/lmcharon.cz\/index.php?rest_route=\/wp\/v2\/pages\/587\/revisions\/851"}],"up":[{"embeddable":true,"href":"https:\/\/lmcharon.cz\/index.php?rest_route=\/wp\/v2\/pages\/152"}],"wp:attachment":[{"href":"https:\/\/lmcharon.cz\/index.php?rest_route=%2Fwp%2Fv2%2Fmedia&parent=587"}],"curies":[{"name":"wp","href":"https:\/\/api.w.org\/{rel}","templated":true}]}}