{"id":863,"date":"2015-11-23T19:27:16","date_gmt":"2015-11-23T18:27:16","guid":{"rendered":"http:\/\/lmcharon.cz\/?page_id=863"},"modified":"2015-11-23T19:29:02","modified_gmt":"2015-11-23T18:29:02","slug":"cizinci","status":"publish","type":"page","link":"https:\/\/lmcharon.cz\/?page_id=863","title":{"rendered":"Cizinci"},"content":{"rendered":"<p>Informa\u010dn\u00ed povinnost zam\u011bstnavatele &#8211; <a href=\"http:\/\/lmcharon.cz\/wp-content\/uploads\/2015\/11\/informace_o_nastupu_zamestnani_-_o_vyslani_k_vykonu_prace.pdf\" target=\"_blank\">p\u0159edtisk zde<\/a><\/p>\n<p>\u00a7 87<\/p>\n<p>(1) Nastoup\u00ed-li do zam\u011bstn\u00e1n\u00ed ob\u010dan Evropsk\u00e9 unie, jeho rodinn\u00fd p\u0159\u00edslu\u0161n\u00edk (\u00a7 3 odst. 2), rodinn\u00fd p\u0159\u00edslu\u0161n\u00edk ob\u010dana \u010cesk\u00e9 republiky uveden\u00fd v \u00a7 3 odst. 3, cizinec uveden\u00fd v \u00a7 98 p\u00edsm. a) a\u017e e) a j) a\u017e r), u kter\u00e9ho se nevy\u017eaduje povolen\u00ed k zam\u011bstn\u00e1n\u00ed, zam\u011bstnaneck\u00e1 karta nebo modr\u00e1 karta, nebo cizinec, u kter\u00e9ho se vy\u017eaduje povolen\u00ed k zam\u011bstn\u00e1n\u00ed, jsou zam\u011bstnavatel nebo pr\u00e1vnick\u00e1 nebo fyzick\u00e1 osoba, kter\u00e1 uzav\u0159ela smlouvu se zahrani\u010dn\u00edm zam\u011bstnavatelem, na jej\u00edm\u017e z\u00e1klad\u011b byly tyto osoby vysl\u00e1ny na \u00fazem\u00ed \u010cesk\u00e9 republiky k pln\u011bn\u00ed \u00fakol\u016f vypl\u00fdvaj\u00edc\u00edch z t\u00e9to smlouvy, povinni o t\u00e9to skute\u010dnosti p\u00edsemn\u011b informovat p\u0159\u00edslu\u0161nou krajskou pobo\u010dku \u00da\u0159adu pr\u00e1ce, a to nejpozd\u011bji v den n\u00e1stupu t\u011bchto osob k v\u00fdkonu pr\u00e1ce.. Obdobn\u00e1 povinnost se vztahuje na p\u0159\u00edpady, kdy za trv\u00e1n\u00ed zam\u011bstn\u00e1n\u00ed nastane skute\u010dnost, na jej\u00edm\u017e z\u00e1klad\u011b ji\u017e cizinec povolen\u00ed k zam\u011bstn\u00e1n\u00ed, zam\u011bstnaneckou kartu nebo modrou kartu nepot\u0159ebuje, s t\u00edm, \u017ee tato informa\u010dn\u00ed povinnost mus\u00ed b\u00fdt spln\u011bna nejpozd\u011bji do 10 kalend\u00e1\u0159n\u00edch dn\u016f ode dne, kdy nastala skute\u010dnost, na jej\u00edm\u017e z\u00e1klad\u011b se povolen\u00ed k zam\u011bstn\u00e1n\u00ed, zam\u011bstnaneck\u00e1 karta nebo modr\u00e1 karta nevy\u017eaduje.<\/p>\n<p>(2) P\u00edsemn\u00e1 informace obsahuje \u00fadaje veden\u00e9 v evidenci, kterou je zam\u011bstnavatel povinen v\u00e9st podle \u00a7 102 odst. 2. Ka\u017edou zm\u011bnu t\u011bchto \u00fadaj\u016f je zam\u011bstnavatel nebo pr\u00e1vnick\u00e1 nebo fyzick\u00e1 osoba, kter\u00e1 uzav\u0159ela smlouvu se zahrani\u010dn\u00edm zam\u011bstnavatelem, na jej\u00edm\u017e z\u00e1klad\u011b byly tyto osoby vysl\u00e1ny na \u00fazem\u00ed \u010cesk\u00e9 republiky k pln\u011bn\u00ed \u00fakol\u016f vypl\u00fdvaj\u00edc\u00edch z t\u00e9to smlouvy, povinen nahl\u00e1sit nejpozd\u011bji do 10 kalend\u00e1\u0159n\u00edch dn\u016f ode dne, kdy zm\u011bna nastala nebo kdy se o n\u00ed dov\u011bd\u011bl.<\/p>\n<p>(3) Zam\u011bstnavatel nebo pr\u00e1vnick\u00e1 nebo fyzick\u00e1 osoba, kter\u00e1 uzav\u0159ela smlouvu se zahrani\u010dn\u00edm zam\u011bstnavatelem, na jej\u00edm\u017e z\u00e1klad\u011b byly osoby uveden\u00e9 v odstavci 1 vysl\u00e1ny na \u00fazem\u00ed \u010cesk\u00e9 republiky k pln\u011bn\u00ed \u00fakol\u016f vypl\u00fdvaj\u00edc\u00edch z t\u00e9to smlouvy, je povinen nejpozd\u011bji do 10 kalend\u00e1\u0159n\u00edch dn\u016f informovat p\u0159\u00edslu\u0161nou krajskou pobo\u010dku \u00da\u0159adu pr\u00e1ce o ukon\u010den\u00ed jejich zam\u011bstn\u00e1n\u00ed nebo vysl\u00e1n\u00ed.<\/p>\n<p>\u00a7 88<\/p>\n<p>(1) Zam\u011bstnavatel je povinen p\u00edsemn\u011b informovat p\u0159\u00edslu\u0161nou krajskou pobo\u010dku \u00da\u0159adu pr\u00e1ce, jestli\u017ee cizinec, kter\u00e9mu bylo vyd\u00e1no povolen\u00ed k zam\u011bstn\u00e1n\u00ed, zam\u011bstnaneck\u00e1 karta nebo modr\u00e1 karta,<br \/>\na) nenastoupil do pr\u00e1ce, nebo<br \/>\nb) ukon\u010dil zam\u011bstn\u00e1n\u00ed p\u0159ed uplynut\u00edm doby, na kterou bylo vyd\u00e1no povolen\u00ed k zam\u011bstn\u00e1n\u00ed, zam\u011bstnaneck\u00e1 karta nebo modr\u00e1 karta,, a v p\u0159\u00edpad\u011b, \u017ee zam\u011bstn\u00e1n\u00ed bylo ukon\u010deno v\u00fdpov\u011bd\u00ed z n\u011bkter\u00e9ho z d\u016fvod\u016f uveden\u00fdch v \u00a7 52 p\u00edsm. a) a\u017e e) z\u00e1kon\u00edku pr\u00e1ce nebo dohodou z t\u00fdch\u017e d\u016fvod\u016f anebo okam\u017eit\u00fdm zru\u0161en\u00edm podle \u00a7 56 z\u00e1kon\u00edku pr\u00e1ce, i d\u016fvod ukon\u010den\u00ed zam\u011bstn\u00e1n\u00ed.<\/p>\n<p>(2) Informa\u010dn\u00ed povinnost podle odstavce 1 p\u00edsm. a) mus\u00ed zam\u011bstnavatel splnit v p\u0159\u00edpad\u011b cizince, kter\u00e9mu byla vyd\u00e1na zam\u011bstnaneck\u00e1 karta nebo modr\u00e1 karta, nejpozd\u011bji do 45 kalend\u00e1\u0159n\u00edch dn\u016f ode dne, kdy byly spln\u011bny podm\u00ednky pro vyd\u00e1n\u00ed zam\u011bstnaneck\u00e9 karty nebo modr\u00e9 karty, a v p\u0159\u00edpad\u011b cizince, kter\u00e9mu bylo vyd\u00e1no povolen\u00ed k zam\u011bstn\u00e1n\u00ed podle \u00a7 92, nejpozd\u011bji do 10 kalend\u00e1\u0159n\u00edch dn\u016f ode dne, kdy m\u011bl cizinec nastoupit na pracovn\u00ed m\u00edsto. Informa\u010dn\u00ed povinnost podle odstavce 1 p\u00edsm. b) mus\u00ed zam\u011bstnavatel splnit nejpozd\u011bji do 10 kalend\u00e1\u0159n\u00edch dn\u016f ode dne, kdy cizinec ukon\u010dil zam\u011bstn\u00e1n\u00ed.<\/p>\n","protected":false},"excerpt":{"rendered":"<p>Informa\u010dn\u00ed povinnost zam\u011bstnavatele &#8211; p\u0159edtisk zde \u00a7 87 (1) Nastoup\u00ed-li do zam\u011bstn\u00e1n\u00ed ob\u010dan Evropsk\u00e9 unie, jeho rodinn\u00fd p\u0159\u00edslu\u0161n\u00edk (\u00a7 3 odst. 2), rodinn\u00fd p\u0159\u00edslu\u0161n\u00edk ob\u010dana \u010cesk\u00e9 republiky uveden\u00fd v \u00a7 3 odst. 3, cizinec uveden\u00fd v \u00a7 98 p\u00edsm. a) &hellip; <a href=\"https:\/\/lmcharon.cz\/?page_id=863\">Cel\u00fd p\u0159\u00edsp\u011bvek <span class=\"meta-nav\">&rarr;<\/span><\/a><\/p>\n","protected":false},"author":1,"featured_media":0,"parent":152,"menu_order":20,"comment_status":"closed","ping_status":"closed","template":"","meta":{"footnotes":""},"class_list":["post-863","page","type-page","status-publish","hentry"],"_links":{"self":[{"href":"https:\/\/lmcharon.cz\/index.php?rest_route=\/wp\/v2\/pages\/863","targetHints":{"allow":["GET"]}}],"collection":[{"href":"https:\/\/lmcharon.cz\/index.php?rest_route=\/wp\/v2\/pages"}],"about":[{"href":"https:\/\/lmcharon.cz\/index.php?rest_route=\/wp\/v2\/types\/page"}],"author":[{"embeddable":true,"href":"https:\/\/lmcharon.cz\/index.php?rest_route=\/wp\/v2\/users\/1"}],"replies":[{"embeddable":true,"href":"https:\/\/lmcharon.cz\/index.php?rest_route=%2Fwp%2Fv2%2Fcomments&post=863"}],"version-history":[{"count":2,"href":"https:\/\/lmcharon.cz\/index.php?rest_route=\/wp\/v2\/pages\/863\/revisions"}],"predecessor-version":[{"id":866,"href":"https:\/\/lmcharon.cz\/index.php?rest_route=\/wp\/v2\/pages\/863\/revisions\/866"}],"up":[{"embeddable":true,"href":"https:\/\/lmcharon.cz\/index.php?rest_route=\/wp\/v2\/pages\/152"}],"wp:attachment":[{"href":"https:\/\/lmcharon.cz\/index.php?rest_route=%2Fwp%2Fv2%2Fmedia&parent=863"}],"curies":[{"name":"wp","href":"https:\/\/api.w.org\/{rel}","templated":true}]}}