{"id":946,"date":"2017-11-12T16:44:38","date_gmt":"2017-11-12T15:44:38","guid":{"rendered":"http:\/\/lmcharon.cz\/?page_id=946"},"modified":"2024-01-03T09:27:26","modified_gmt":"2024-01-03T08:27:26","slug":"mzda-2018","status":"publish","type":"page","link":"https:\/\/lmcharon.cz\/?page_id=946","title":{"rendered":"Mzda 2024"},"content":{"rendered":"<h2 id=\"h22\">Zaru\u010den\u00e1 mzda v roce 2024<\/h2>\n<div class=\"table\">\n<table>\n<tbody>\n<tr>\n<th>Skupina prac\u00ed<\/th>\n<th>Hodinov\u00e1 zaru\u010den\u00e1 mzda 2023<\/th>\n<th>Hodinov\u00e1 zaru\u010den\u00e1 mzda 2024<\/th>\n<th>M\u011bs\u00ed\u010dn\u00ed zaru\u010den\u00e1 mzda 2023<\/th>\n<th>M\u011bs\u00ed\u010dn\u00ed zaru\u010den\u00e1 mzda 2024<\/th>\n<th>Odpov\u00edd\u00e1 platov\u00e9 t\u0159\u00edd\u011b ve st\u00e1tn\u00ed sf\u00e9\u0159e<\/th>\n<\/tr>\n<tr>\n<th>1<\/th>\n<td>103,80\u00a0K\u010d<\/td>\n<td><strong>112,50\u00a0K\u010d<\/strong><\/td>\n<td>17\u00a0300\u00a0K\u010d<\/td>\n<td><strong>18\u00a0900\u00a0K\u010d<\/strong><\/td>\n<th>\u00a01 + 2<\/th>\n<\/tr>\n<tr>\n<th>2<\/th>\n<td>106,50\u00a0K\u010d<\/td>\n<td><strong>116,10\u00a0K\u010d<\/strong><\/td>\n<td>17\u00a0900\u00a0K\u010d<\/td>\n<td><strong>19\u00a0500\u00a0K\u010d<\/strong><\/td>\n<th>3 + 4<\/th>\n<\/tr>\n<tr>\n<th>3<\/th>\n<td>117,50\u00a0K\u010d<\/td>\n<td><strong>126,80\u00a0K\u010d<\/strong><\/td>\n<td>19\u00a0700\u00a0K\u010d<\/td>\n<td><strong>21\u00a0300\u00a0K\u010d<\/strong><\/td>\n<th>\u00a05 + 6<\/th>\n<\/tr>\n<tr>\n<th>4<\/th>\n<td>129,80\u00a0K\u010d<\/td>\n<td>129,80\u00a0K\u010d<\/td>\n<td>21\u00a0800\u00a0K\u010d<\/td>\n<td>21\u00a0800\u00a0K\u010d<\/td>\n<th>7 + 8<\/th>\n<\/tr>\n<tr>\n<th>5<\/th>\n<td>143,30\u00a0K\u010d<\/td>\n<td>143,30\u00a0K\u010d<\/td>\n<td>24\u00a0100\u00a0K\u010d<\/td>\n<td>24\u00a0100\u00a0K\u010d<\/td>\n<th>9 + 10<\/th>\n<\/tr>\n<tr>\n<th>6<\/th>\n<td>158,20\u00a0K\u010d<\/td>\n<td>158,20\u00a0K\u010d<\/td>\n<td>26\u00a0600\u00a0K\u010d<\/td>\n<td>26\u00a0600\u00a0K\u010d<\/td>\n<th>11 + 12<\/th>\n<\/tr>\n<tr>\n<th>7<\/th>\n<td>174,70\u00a0K\u010d<\/td>\n<td>174,70\u00a0K\u010d<\/td>\n<td>29\u00a0400\u00a0K\u010d<\/td>\n<td>29\u00a0400\u00a0K\u010d<\/td>\n<th>13 + 14<\/th>\n<\/tr>\n<tr>\n<th>8<\/th>\n<td>207,60\u00a0K\u010d<\/td>\n<td><strong>225,00\u00a0K\u010d<\/strong><\/td>\n<td>34\u00a0600\u00a0K\u010d<\/td>\n<td><strong>37\u00a0800\u00a0K\u010d<\/strong><\/td>\n<th>15 + 16<\/th>\n<\/tr>\n<\/tbody>\n<\/table>\n<p><a href=\"http:\/\/lmcharon.cz\/wp-content\/uploads\/2024\/01\/Mini_2024.jpg\"><img loading=\"lazy\" decoding=\"async\" class=\"alignnone size-medium wp-image-1259\" src=\"http:\/\/lmcharon.cz\/wp-content\/uploads\/2024\/01\/Mini_2024-300x210.jpg\" alt=\"\" width=\"300\" height=\"210\" srcset=\"https:\/\/lmcharon.cz\/wp-content\/uploads\/2024\/01\/Mini_2024-300x210.jpg 300w, https:\/\/lmcharon.cz\/wp-content\/uploads\/2024\/01\/Mini_2024-768x537.jpg 768w, https:\/\/lmcharon.cz\/wp-content\/uploads\/2024\/01\/Mini_2024.jpg 1004w\" sizes=\"auto, (max-width: 300px) 100vw, 300px\" \/><\/a><\/p>\n<p><a href=\"http:\/\/lmcharon.cz\/wp-content\/uploads\/2024\/01\/Mini_2024_1.jpg\"><img loading=\"lazy\" decoding=\"async\" class=\"alignnone size-medium wp-image-1258\" src=\"http:\/\/lmcharon.cz\/wp-content\/uploads\/2024\/01\/Mini_2024_1-300x140.jpg\" alt=\"\" width=\"300\" height=\"140\" srcset=\"https:\/\/lmcharon.cz\/wp-content\/uploads\/2024\/01\/Mini_2024_1-300x140.jpg 300w, https:\/\/lmcharon.cz\/wp-content\/uploads\/2024\/01\/Mini_2024_1-768x359.jpg 768w, https:\/\/lmcharon.cz\/wp-content\/uploads\/2024\/01\/Mini_2024_1.jpg 778w\" sizes=\"auto, (max-width: 300px) 100vw, 300px\" \/><\/a><\/p>\n<p>&nbsp;<\/p>\n<p>&nbsp;<\/p>\n<\/div>\n","protected":false},"excerpt":{"rendered":"<p>Zaru\u010den\u00e1 mzda v roce 2024 Skupina prac\u00ed Hodinov\u00e1 zaru\u010den\u00e1 mzda 2023 Hodinov\u00e1 zaru\u010den\u00e1 mzda 2024 M\u011bs\u00ed\u010dn\u00ed zaru\u010den\u00e1 mzda 2023 M\u011bs\u00ed\u010dn\u00ed zaru\u010den\u00e1 mzda 2024 Odpov\u00edd\u00e1 platov\u00e9 t\u0159\u00edd\u011b ve st\u00e1tn\u00ed sf\u00e9\u0159e 1 103,80\u00a0K\u010d 112,50\u00a0K\u010d 17\u00a0300\u00a0K\u010d 18\u00a0900\u00a0K\u010d \u00a01 + 2 2 106,50\u00a0K\u010d 116,10\u00a0K\u010d &hellip; <a href=\"https:\/\/lmcharon.cz\/?page_id=946\">Cel\u00fd p\u0159\u00edsp\u011bvek <span class=\"meta-nav\">&rarr;<\/span><\/a><\/p>\n","protected":false},"author":1,"featured_media":0,"parent":152,"menu_order":9,"comment_status":"closed","ping_status":"closed","template":"","meta":{"footnotes":""},"class_list":["post-946","page","type-page","status-publish","hentry"],"_links":{"self":[{"href":"https:\/\/lmcharon.cz\/index.php?rest_route=\/wp\/v2\/pages\/946","targetHints":{"allow":["GET"]}}],"collection":[{"href":"https:\/\/lmcharon.cz\/index.php?rest_route=\/wp\/v2\/pages"}],"about":[{"href":"https:\/\/lmcharon.cz\/index.php?rest_route=\/wp\/v2\/types\/page"}],"author":[{"embeddable":true,"href":"https:\/\/lmcharon.cz\/index.php?rest_route=\/wp\/v2\/users\/1"}],"replies":[{"embeddable":true,"href":"https:\/\/lmcharon.cz\/index.php?rest_route=%2Fwp%2Fv2%2Fcomments&post=946"}],"version-history":[{"count":20,"href":"https:\/\/lmcharon.cz\/index.php?rest_route=\/wp\/v2\/pages\/946\/revisions"}],"predecessor-version":[{"id":1262,"href":"https:\/\/lmcharon.cz\/index.php?rest_route=\/wp\/v2\/pages\/946\/revisions\/1262"}],"up":[{"embeddable":true,"href":"https:\/\/lmcharon.cz\/index.php?rest_route=\/wp\/v2\/pages\/152"}],"wp:attachment":[{"href":"https:\/\/lmcharon.cz\/index.php?rest_route=%2Fwp%2Fv2%2Fmedia&parent=946"}],"curies":[{"name":"wp","href":"https:\/\/api.w.org\/{rel}","templated":true}]}}